{"id":646,"date":"2026-03-27T03:34:57","date_gmt":"2026-03-27T03:34:57","guid":{"rendered":"https:\/\/crrc-mng.com.tr\/?page_id=646"},"modified":"2026-03-27T03:37:06","modified_gmt":"2026-03-27T03:37:06","slug":"srt-3-0","status":"publish","type":"page","link":"https:\/\/crrc-mng.com.tr\/en\/srt-3-0\/","title":{"rendered":"SRT 3.0"},"content":{"rendered":"\t\t<div data-elementor-type=\"wp-page\" data-elementor-id=\"646\" class=\"elementor elementor-646\" data-elementor-post-type=\"page\">\n\t\t\t\t<div class=\"elementor-element elementor-element-7e064b87 e-flex e-con-boxed e-con e-parent\" data-id=\"7e064b87\" data-element_type=\"container\" data-e-type=\"container\" data-settings=\"{&quot;background_background&quot;:&quot;classic&quot;}\">\n\t\t\t\t\t<div class=\"e-con-inner\">\n\t\t<div class=\"elementor-element elementor-element-62da68a4 e-con-full e-flex e-con e-child\" data-id=\"62da68a4\" data-element_type=\"container\" data-e-type=\"container\">\n\t\t\t\t<div class=\"elementor-element elementor-element-2e9c925 elementor-widget__width-auto elementor-invisible elementor-widget elementor-widget-heading\" data-id=\"2e9c925\" data-element_type=\"widget\" data-e-type=\"widget\" data-settings=\"{&quot;_animation&quot;:&quot;fadeInLeft&quot;}\" data-widget_type=\"heading.default\">\n\t\t\t\t\t<h2 class=\"elementor-heading-title elementor-size-default\">SRT 3.0<\/h2>\t\t\t\t<\/div>\n\t\t\t\t<\/div>\n\t\t\t\t\t<\/div>\n\t\t\t\t<\/div>\n\t\t<div class=\"elementor-element elementor-element-7206b363 e-flex e-con-boxed e-con e-parent\" data-id=\"7206b363\" data-element_type=\"container\" data-e-type=\"container\" data-settings=\"{&quot;background_background&quot;:&quot;classic&quot;}\">\n\t\t\t\t\t<div class=\"e-con-inner\">\n\t\t<div class=\"elementor-element elementor-element-60820fa1 e-con-full e-flex e-con e-child\" data-id=\"60820fa1\" data-element_type=\"container\" data-e-type=\"container\" data-settings=\"{&quot;background_slideshow_gallery&quot;:[{&quot;id&quot;:649,&quot;url&quot;:&quot;https:\\\/\\\/crrc-mng.com.tr\\\/wp-content\\\/uploads\\\/2026\\\/03\\\/12-1.webp&quot;}],&quot;background_background&quot;:&quot;slideshow&quot;,&quot;background_slideshow_loop&quot;:&quot;yes&quot;,&quot;background_slideshow_slide_duration&quot;:5000,&quot;background_slideshow_slide_transition&quot;:&quot;fade&quot;,&quot;background_slideshow_transition_duration&quot;:500}\">\n\t\t\t\t<\/div>\n\t\t<div class=\"elementor-element elementor-element-7eb3c4ea e-con-full e-flex e-con e-child\" data-id=\"7eb3c4ea\" data-element_type=\"container\" data-e-type=\"container\">\n\t\t\t\t<div class=\"elementor-element elementor-element-63368fb9 elementor-widget elementor-widget-heading\" data-id=\"63368fb9\" data-element_type=\"widget\" data-e-type=\"widget\" data-widget_type=\"heading.default\">\n\t\t\t\t\t<h6 class=\"elementor-heading-title elementor-size-default\">SRT METROB\u00dcS (AKILLI RAYLI TOPLU TA\u015eIMA S\u0130STEM\u0130)<\/h6>\t\t\t\t<\/div>\n\t\t\t\t<div class=\"elementor-element elementor-element-359ce83e elementor-widget elementor-widget-text-editor\" data-id=\"359ce83e\" data-element_type=\"widget\" data-e-type=\"widget\" data-widget_type=\"text-editor.default\">\n\t\t\t\t\t\t\t\t\t<p data-start=\"162\" data-end=\"488\">CRRC taraf\u0131ndan geli\u015ftirilen SRT (Smart Rail Transit) metrob\u00fcs sistemi, tramvay konforunu lastik tekerlekli ula\u015f\u0131m esnekli\u011fi ile birle\u015ftiren yenilik\u00e7i bir toplu ta\u015f\u0131ma \u00e7\u00f6z\u00fcm\u00fcd\u00fcr. Fiziksel ray gerektirmeden \u00e7al\u0131\u015fan bu sistem, d\u00fc\u015f\u00fck altyap\u0131 maliyeti ve h\u0131zl\u0131 kurulum avantaj\u0131 ile modern \u015fehirler i\u00e7in ideal bir alternatif sunar.<\/p><p data-start=\"490\" data-end=\"708\">Y\u00fcksek kapasiteli mod\u00fcler yap\u0131s\u0131 sayesinde farkl\u0131 uzunluklarda konfig\u00fcre edilebilen SRT ara\u00e7lar\u0131, geli\u015fmi\u015f y\u00f6nlendirme teknolojisi ve elektrikli tahrik sistemi ile \u00e7evreci, sessiz ve verimli bir ula\u015f\u0131m deneyimi sa\u011flar.<\/p>\t\t\t\t\t\t\t\t<\/div>\n\t\t<div class=\"elementor-element elementor-element-2ed5c530 e-con-full e-flex e-con e-child\" data-id=\"2ed5c530\" data-element_type=\"container\" data-e-type=\"container\">\n\t\t\t\t<div class=\"elementor-element elementor-element-6b7a290 elementor-widget elementor-widget-text-editor\" data-id=\"6b7a290\" data-element_type=\"widget\" data-e-type=\"widget\" data-widget_type=\"text-editor.default\">\n\t\t\t\t\t\t\t\t\t<p data-start=\"742\" data-end=\"994\"><strong data-start=\"58\" data-end=\"83\">Boyutlar (U x G x Y):<\/strong> 21.600 \u2013 43.000 x 2.650 x \u22643.600 mm<br data-start=\"119\" data-end=\"122\" \/><strong data-start=\"122\" data-end=\"146\">Bo\u015f \/ Azami A\u011f\u0131rl\u0131k:<\/strong> 24.500 \u2013 44.000 kg<br data-start=\"165\" data-end=\"168\" data-is-only-node=\"\" \/><strong data-start=\"168\" data-end=\"185\">\u0130\u00e7 Y\u00fckseklik:<\/strong> 2.150 mm<br data-start=\"194\" data-end=\"197\" \/><strong data-start=\"197\" data-end=\"212\">Zemin Tipi:<\/strong> D\u00fc\u015f\u00fck taban<br data-start=\"224\" data-end=\"227\" \/><strong data-start=\"227\" data-end=\"248\">Yolcu Kapasitesi:<\/strong> 176 \u2013 368 ki\u015fi<br data-start=\"263\" data-end=\"266\" \/><strong data-start=\"266\" data-end=\"289\">Batarya Kapasitesi:<\/strong> LFP batarya<br data-start=\"301\" data-end=\"304\" \/><strong data-start=\"304\" data-end=\"319\">Motor G\u00fcc\u00fc:<\/strong> Elektrikli tahrik sistemi<br data-start=\"345\" data-end=\"348\" \/><strong data-start=\"348\" data-end=\"365\">Maksimum H\u0131z:<\/strong> 100 km\/s<br data-start=\"374\" data-end=\"377\" \/><strong data-start=\"377\" data-end=\"388\">Menzil:<\/strong> 300 \u2013 500 km<\/p>\t\t\t\t\t\t\t\t<\/div>\n\t\t\t\t<\/div>\n\t\t\t\t<\/div>\n\t\t\t\t\t<\/div>\n\t\t\t\t<\/div>\n\t\t\t\t<\/div>\n\t\t","protected":false},"excerpt":{"rendered":"<p>SRT METROB\u00dcS (AKILLI RAYLI TOPLU TA\u015eIMA S\u0130STEM\u0130) CRRC taraf\u0131ndan geli\u015ftirilen SRT (Smart Rail Transit) metrob\u00fcs sistemi, tramvay konforunu lastik tekerlekli ula\u015f\u0131m esnekli\u011fi ile birle\u015ftiren yenilik\u00e7i bir toplu ta\u015f\u0131ma \u00e7\u00f6z\u00fcm\u00fcd\u00fcr. Fiziksel ray gerektirmeden \u00e7al\u0131\u015fan bu sistem, d\u00fc\u015f\u00fck altyap\u0131 maliyeti ve h\u0131zl\u0131 kurulum avantaj\u0131 ile modern \u015fehirler i\u00e7in ideal bir alternatif sunar. Y\u00fcksek kapasiteli mod\u00fcler yap\u0131s\u0131 sayesinde [&hellip;]<\/p>\n","protected":false},"author":1,"featured_media":0,"parent":0,"menu_order":0,"comment_status":"closed","ping_status":"closed","template":"elementor_header_footer","meta":{"footnotes":""},"class_list":["post-646","page","type-page","status-publish","hentry"],"_links":{"self":[{"href":"https:\/\/crrc-mng.com.tr\/en\/wp-json\/wp\/v2\/pages\/646","targetHints":{"allow":["GET"]}}],"collection":[{"href":"https:\/\/crrc-mng.com.tr\/en\/wp-json\/wp\/v2\/pages"}],"about":[{"href":"https:\/\/crrc-mng.com.tr\/en\/wp-json\/wp\/v2\/types\/page"}],"author":[{"embeddable":true,"href":"https:\/\/crrc-mng.com.tr\/en\/wp-json\/wp\/v2\/users\/1"}],"replies":[{"embeddable":true,"href":"https:\/\/crrc-mng.com.tr\/en\/wp-json\/wp\/v2\/comments?post=646"}],"version-history":[{"count":4,"href":"https:\/\/crrc-mng.com.tr\/en\/wp-json\/wp\/v2\/pages\/646\/revisions"}],"predecessor-version":[{"id":652,"href":"https:\/\/crrc-mng.com.tr\/en\/wp-json\/wp\/v2\/pages\/646\/revisions\/652"}],"wp:attachment":[{"href":"https:\/\/crrc-mng.com.tr\/en\/wp-json\/wp\/v2\/media?parent=646"}],"curies":[{"name":"wp","href":"https:\/\/api.w.org\/{rel}","templated":true}]}}