{"id":633,"date":"2026-03-27T03:19:20","date_gmt":"2026-03-27T03:19:20","guid":{"rendered":"https:\/\/crrc-mng.com.tr\/?page_id=633"},"modified":"2026-03-27T03:28:12","modified_gmt":"2026-03-27T03:28:12","slug":"metrobus-araclari","status":"publish","type":"page","link":"https:\/\/crrc-mng.com.tr\/en\/metrobus-araclari\/","title":{"rendered":"BRT VEHICLES"},"content":{"rendered":"\t\t<div data-elementor-type=\"wp-page\" data-elementor-id=\"633\" class=\"elementor elementor-633\" data-elementor-post-type=\"page\">\n\t\t\t\t<div class=\"elementor-element elementor-element-1ac8a18 e-flex e-con-boxed e-con e-parent\" data-id=\"1ac8a18\" data-element_type=\"container\" data-e-type=\"container\">\n\t\t\t\t\t<div class=\"e-con-inner\">\n\t\t\t\t<div class=\"elementor-element elementor-element-ce85462 elementor-widget elementor-widget-spacer\" data-id=\"ce85462\" data-element_type=\"widget\" data-e-type=\"widget\" data-widget_type=\"spacer.default\">\n\t\t\t\t\t\t\t<div class=\"elementor-spacer\">\n\t\t\t<div class=\"elementor-spacer-inner\"><\/div>\n\t\t<\/div>\n\t\t\t\t\t\t<\/div>\n\t\t\t\t\t<\/div>\n\t\t\t\t<\/div>\n\t\t<div class=\"elementor-element elementor-element-763b248 e-flex e-con-boxed e-con e-parent\" data-id=\"763b248\" data-element_type=\"container\" data-e-type=\"container\" data-settings=\"{&quot;background_background&quot;:&quot;classic&quot;}\">\n\t\t\t\t\t<div class=\"e-con-inner\">\n\t\t<div class=\"elementor-element elementor-element-6a52e083 e-con-full e-flex e-con e-child\" data-id=\"6a52e083\" data-element_type=\"container\" data-e-type=\"container\" data-settings=\"{&quot;animation&quot;:&quot;none&quot;}\">\n\t\t\t\t<div class=\"elementor-element elementor-element-19d2f72 elementor-invisible elementor-widget elementor-widget-heading\" data-id=\"19d2f72\" data-element_type=\"widget\" data-e-type=\"widget\" data-settings=\"{&quot;_animation&quot;:&quot;fadeInLeft&quot;}\" data-widget_type=\"heading.default\">\n\t\t\t\t\t<h2 class=\"elementor-heading-title elementor-size-default\">Yeni Nesil Metrob\u00fcs Ara\u00e7lar\u0131<\/h2>\t\t\t\t<\/div>\n\t\t\t\t<div class=\"elementor-element elementor-element-73e7fb27 elementor-widget-divider--view-line elementor-widget elementor-widget-divider\" data-id=\"73e7fb27\" data-element_type=\"widget\" data-e-type=\"widget\" data-widget_type=\"divider.default\">\n\t\t\t\t\t\t\t<div class=\"elementor-divider\">\n\t\t\t<span class=\"elementor-divider-separator\">\n\t\t\t\t\t\t<\/span>\n\t\t<\/div>\n\t\t\t\t\t\t<\/div>\n\t\t\t\t<\/div>\n\t\t<div class=\"elementor-element elementor-element-1bc730f7 e-con-full e-flex elementor-invisible e-con e-child\" data-id=\"1bc730f7\" data-element_type=\"container\" data-e-type=\"container\" data-settings=\"{&quot;animation&quot;:&quot;fadeInUp&quot;}\">\n\t\t\t\t<div class=\"elementor-element elementor-element-4fcdc4b6 elementor-widget elementor-widget-text-editor\" data-id=\"4fcdc4b6\" data-element_type=\"widget\" data-e-type=\"widget\" data-widget_type=\"text-editor.default\">\n\t\t\t\t\t\t\t\t\t<div class=\"flex flex-col text-sm pb-25\"><section class=\"text-token-text-primary w-full focus:outline-none [--shadow-height:45px] has-data-writing-block:pointer-events-none has-data-writing-block:-mt-(--shadow-height) has-data-writing-block:pt-(--shadow-height) [&amp;:has([data-writing-block])&gt;*]:pointer-events-auto scroll-mt-[calc(var(--header-height)+min(200px,max(70px,20svh)))]\" dir=\"auto\" data-turn-id=\"request-WEB:df6cf9fb-2dd4-4050-bebd-c82617fad486-6\" data-testid=\"conversation-turn-14\" data-scroll-anchor=\"true\" data-turn=\"assistant\"><div class=\"text-base my-auto mx-auto pb-10 [--thread-content-margin:var(--thread-content-margin-xs,calc(var(--spacing)*4))] @w-sm\/main:[--thread-content-margin:var(--thread-content-margin-sm,calc(var(--spacing)*6))] @w-lg\/main:[--thread-content-margin:var(--thread-content-margin-lg,calc(var(--spacing)*16))] px-(--thread-content-margin)\"><div class=\"[--thread-content-max-width:40rem] @w-lg\/main:[--thread-content-max-width:48rem] mx-auto max-w-(--thread-content-max-width) flex-1 group\/turn-messages focus-visible:outline-hidden relative flex w-full min-w-0 flex-col agent-turn\"><div class=\"flex max-w-full flex-col gap-4 grow\"><div class=\"min-h-8 text-message relative flex w-full flex-col items-end gap-2 text-start break-words whitespace-normal outline-none keyboard-focused:focus-ring [.text-message+&amp;]:mt-1\" dir=\"auto\" tabindex=\"0\" data-message-author-role=\"assistant\" data-message-id=\"0e82c8e6-a530-4599-bd67-638ce1877f98\" data-message-model-slug=\"gpt-5-3\" data-turn-start-message=\"true\"><div class=\"flex w-full flex-col gap-1 empty:hidden\"><div class=\"markdown prose dark:prose-invert w-full wrap-break-word light markdown-new-styling\"><section class=\"text-token-text-primary w-full focus:outline-none [--shadow-height:45px] has-data-writing-block:pointer-events-none has-data-writing-block:-mt-(--shadow-height) has-data-writing-block:pt-(--shadow-height) [&amp;:has([data-writing-block])&gt;*]:pointer-events-auto scroll-mt-(--header-height)\" dir=\"auto\" data-turn-id=\"52b9f93b-5a28-49ce-9dac-90b9647d093e\" data-testid=\"conversation-turn-15\" data-scroll-anchor=\"false\" data-turn=\"user\"><\/section><section class=\"text-token-text-primary w-full focus:outline-none [--shadow-height:45px] has-data-writing-block:pointer-events-none has-data-writing-block:-mt-(--shadow-height) has-data-writing-block:pt-(--shadow-height) [&amp;:has([data-writing-block])&gt;*]:pointer-events-auto scroll-mt-[calc(var(--header-height)+min(200px,max(70px,20svh)))]\" dir=\"auto\" data-turn-id=\"request-WEB:df6cf9fb-2dd4-4050-bebd-c82617fad486-7\" data-testid=\"conversation-turn-16\" data-scroll-anchor=\"true\" data-turn=\"assistant\"><div class=\"text-base my-auto mx-auto pb-10 [--thread-content-margin:var(--thread-content-margin-xs,calc(var(--spacing)*4))] @w-sm\/main:[--thread-content-margin:var(--thread-content-margin-sm,calc(var(--spacing)*6))] @w-lg\/main:[--thread-content-margin:var(--thread-content-margin-lg,calc(var(--spacing)*16))] px-(--thread-content-margin)\"><div class=\"[--thread-content-max-width:40rem] @w-lg\/main:[--thread-content-max-width:48rem] mx-auto max-w-(--thread-content-max-width) flex-1 group\/turn-messages focus-visible:outline-hidden relative flex w-full min-w-0 flex-col agent-turn\"><div class=\"flex max-w-full flex-col gap-4 grow\"><div class=\"min-h-8 text-message relative flex w-full flex-col items-end gap-2 text-start break-words whitespace-normal outline-none keyboard-focused:focus-ring [.text-message+&amp;]:mt-1\" dir=\"auto\" tabindex=\"0\" data-message-author-role=\"assistant\" data-message-id=\"5f8b6a7b-1d79-48e3-ab00-e6ad60e99dfd\" data-message-model-slug=\"gpt-5-3\" data-turn-start-message=\"true\"><div class=\"flex w-full flex-col gap-1 empty:hidden\"><div class=\"markdown prose dark:prose-invert w-full wrap-break-word light markdown-new-styling\"><p data-start=\"174\" data-end=\"548\">\u015eehir i\u00e7i toplu ta\u015f\u0131mada y\u00fcksek kapasite ve verimlilik sunan modern metrob\u00fcs \u00e7\u00f6z\u00fcmleri geli\u015ftirilmektedir. Geli\u015fmi\u015f m\u00fchendislik altyap\u0131s\u0131 ile tasarlanan bu ara\u00e7lar; d\u00fc\u015f\u00fck enerji t\u00fcketimi, y\u00fcksek yolcu konforu ve g\u00fcvenli s\u00fcr\u00fc\u015f \u00f6zellikleriyle \u015fehirlerin ula\u015f\u0131m altyap\u0131s\u0131na s\u00fcrd\u00fcr\u00fclebilir katk\u0131 sa\u011flar. Yo\u011fun hatlarda kesintisiz hizmet sunarak \u015fehir i\u00e7i mobiliteyi g\u00fc\u00e7lendirir.<\/p><\/div><\/div><\/div><\/div><\/div><\/div><\/section><\/div><\/div><\/div><\/div><\/div><\/div><\/section><\/div>\t\t\t\t\t\t\t\t<\/div>\n\t\t\t\t<\/div>\n\t\t<div class=\"elementor-element elementor-element-1d676a06 e-grid e-con-full e-con e-child\" data-id=\"1d676a06\" data-element_type=\"container\" data-e-type=\"container\">\n\t\t\t\t<div class=\"elementor-element elementor-element-72d4b667 elementor-cta--skin-classic elementor-animated-content elementor-bg-transform elementor-bg-transform-zoom-in elementor-widget elementor-widget-call-to-action\" data-id=\"72d4b667\" data-element_type=\"widget\" data-e-type=\"widget\" data-widget_type=\"call-to-action.default\">\n\t\t\t\t\t\t\t<div class=\"elementor-cta\">\n\t\t\t\t\t<div class=\"elementor-cta__bg-wrapper\">\n\t\t\t\t<div class=\"elementor-cta__bg elementor-bg\" style=\"background-image: url(https:\/\/crrc-mng.com.tr\/wp-content\/uploads\/2026\/03\/SRT-donusturuldugu-kaynak-png.webp);\" role=\"img\" aria-label=\"SRT-donusturuldugu-kaynak-png\"><\/div>\n\t\t\t\t<div class=\"elementor-cta__bg-overlay\"><\/div>\n\t\t\t<\/div>\n\t\t\t\t\t\t\t<div class=\"elementor-cta__content\">\n\t\t\t\t\n\t\t\t\t\t\t\t\t\t<h2 class=\"elementor-cta__title elementor-cta__content-item elementor-content-item\">\n\t\t\t\t\t\tSRT 3.0\t\t\t\t\t<\/h2>\n\t\t\t\t\n\t\t\t\t\t\t\t\t\t<div class=\"elementor-cta__description elementor-cta__content-item elementor-content-item\">\n\t\t\t\t\t\tY\u00fcksek yolcu kapasitesi, h\u0131zl\u0131 ini\u015f-bini\u015f ve optimize edilmi\u015f enerji verimlili\u011fi ile \u015fehir i\u00e7i ula\u015f\u0131mda maksimum performans sunan metrob\u00fcs sistemi.\t\t\t\t\t<\/div>\n\t\t\t\t\n\t\t\t\t\t\t\t\t\t<div class=\"elementor-cta__button-wrapper elementor-cta__content-item elementor-content-item \">\n\t\t\t\t\t<a class=\"elementor-cta__button elementor-button elementor-size-xs\" href=\"#\">\n\t\t\t\t\t\tDetayl\u0131 g\u00f6r\u00fcnt\u00fcle\t\t\t\t\t<\/a>\n\t\t\t\t\t<\/div>\n\t\t\t\t\t\t\t<\/div>\n\t\t\t\t\t\t<\/div>\n\t\t\t\t\t\t<\/div>\n\t\t\t\t<\/div>\n\t\t\t\t\t<\/div>\n\t\t\t\t<\/div>\n\t\t\t\t<\/div>\n\t\t","protected":false},"excerpt":{"rendered":"<p>Yeni Nesil Metrob\u00fcs Ara\u00e7lar\u0131 \u015eehir i\u00e7i toplu ta\u015f\u0131mada y\u00fcksek kapasite ve verimlilik sunan modern metrob\u00fcs \u00e7\u00f6z\u00fcmleri geli\u015ftirilmektedir. Geli\u015fmi\u015f m\u00fchendislik altyap\u0131s\u0131 ile tasarlanan bu ara\u00e7lar; d\u00fc\u015f\u00fck enerji t\u00fcketimi, y\u00fcksek yolcu konforu ve g\u00fcvenli s\u00fcr\u00fc\u015f \u00f6zellikleriyle \u015fehirlerin ula\u015f\u0131m altyap\u0131s\u0131na s\u00fcrd\u00fcr\u00fclebilir katk\u0131 sa\u011flar. Yo\u011fun hatlarda kesintisiz hizmet sunarak \u015fehir i\u00e7i mobiliteyi g\u00fc\u00e7lendirir. SRT 3.0 Y\u00fcksek yolcu kapasitesi, h\u0131zl\u0131 [&hellip;]<\/p>\n","protected":false},"author":1,"featured_media":0,"parent":0,"menu_order":0,"comment_status":"closed","ping_status":"closed","template":"elementor_header_footer","meta":{"footnotes":""},"class_list":["post-633","page","type-page","status-publish","hentry"],"_links":{"self":[{"href":"https:\/\/crrc-mng.com.tr\/en\/wp-json\/wp\/v2\/pages\/633","targetHints":{"allow":["GET"]}}],"collection":[{"href":"https:\/\/crrc-mng.com.tr\/en\/wp-json\/wp\/v2\/pages"}],"about":[{"href":"https:\/\/crrc-mng.com.tr\/en\/wp-json\/wp\/v2\/types\/page"}],"author":[{"embeddable":true,"href":"https:\/\/crrc-mng.com.tr\/en\/wp-json\/wp\/v2\/users\/1"}],"replies":[{"embeddable":true,"href":"https:\/\/crrc-mng.com.tr\/en\/wp-json\/wp\/v2\/comments?post=633"}],"version-history":[{"count":4,"href":"https:\/\/crrc-mng.com.tr\/en\/wp-json\/wp\/v2\/pages\/633\/revisions"}],"predecessor-version":[{"id":641,"href":"https:\/\/crrc-mng.com.tr\/en\/wp-json\/wp\/v2\/pages\/633\/revisions\/641"}],"wp:attachment":[{"href":"https:\/\/crrc-mng.com.tr\/en\/wp-json\/wp\/v2\/media?parent=633"}],"curies":[{"name":"wp","href":"https:\/\/api.w.org\/{rel}","templated":true}]}}