{"id":591,"date":"2026-03-26T23:23:38","date_gmt":"2026-03-26T23:23:38","guid":{"rendered":"https:\/\/crrc-mng.com.tr\/?page_id=591"},"modified":"2026-04-07T07:26:51","modified_gmt":"2026-04-07T07:26:51","slug":"kariyer","status":"publish","type":"page","link":"https:\/\/crrc-mng.com.tr\/en\/kariyer\/","title":{"rendered":"CAREERS"},"content":{"rendered":"<div data-elementor-type=\"wp-page\" data-elementor-id=\"591\" class=\"elementor elementor-591\" data-elementor-post-type=\"page\">\n\t\t\t\t<div class=\"elementor-element elementor-element-301e3e08 e-flex e-con-boxed e-con e-parent\" data-id=\"301e3e08\" data-element_type=\"container\" data-e-type=\"container\" data-settings=\"{&quot;background_background&quot;:&quot;classic&quot;}\">\n\t\t\t\t\t<div class=\"e-con-inner\">\n\t\t<div class=\"elementor-element elementor-element-454e516 e-con-full e-flex e-con e-child\" data-id=\"454e516\" data-element_type=\"container\" data-e-type=\"container\">\n\t\t\t\t<div class=\"elementor-element elementor-element-31586a54 elementor-widget__width-auto elementor-invisible elementor-widget elementor-widget-heading\" data-id=\"31586a54\" data-element_type=\"widget\" data-e-type=\"widget\" data-settings=\"{&quot;_animation&quot;:&quot;fadeInLeft&quot;}\" data-widget_type=\"heading.default\">\n\t\t\t\t\t<h2 class=\"elementor-heading-title elementor-size-default\">CAREERS<\/h2>\t\t\t\t<\/div>\n\t\t\t\t<\/div>\n\t\t\t\t\t<\/div>\n\t\t\t\t<\/div>\n\t\t<div class=\"elementor-element elementor-element-17f6a280 e-flex e-con-boxed e-con e-parent\" data-id=\"17f6a280\" data-element_type=\"container\" data-e-type=\"container\" data-settings=\"{&quot;background_background&quot;:&quot;classic&quot;}\">\n\t\t\t\t\t<div class=\"e-con-inner\">\n\t\t<div class=\"elementor-element elementor-element-4f639f69 e-con-full e-flex e-con e-child\" data-id=\"4f639f69\" data-element_type=\"container\" data-e-type=\"container\">\n\t\t\t\t<div class=\"elementor-element elementor-element-26896c2c elementor-widget elementor-widget-heading\" data-id=\"26896c2c\" data-element_type=\"widget\" data-e-type=\"widget\" data-widget_type=\"heading.default\">\n\t\t\t\t\t<h6 class=\"elementor-heading-title elementor-size-default\">Human Resources and Corporate Culture<\/h6>\t\t\t\t<\/div>\n\t\t\t\t<div class=\"elementor-element elementor-element-21be2fbb elementor-widget__width-initial elementor-widget elementor-widget-text-editor\" data-id=\"21be2fbb\" data-element_type=\"widget\" data-e-type=\"widget\" data-widget_type=\"text-editor.default\">\n\t\t\t\t\t\t\t\t\t<p data-start=\"169\" data-end=\"592\"><span class=\"hover:entity-accent entity-underline inline cursor-pointer align-baseline\"><span class=\"whitespace-normal\">CRRC-MNG Rail System Vehicles Industry and Trade Co., Ltd.<\/span><\/span> we prioritize creating a work environment based on trust, inclusiveness, and sustainability. The strong communication culture within our organization and the transparent interaction between our employees and management form the foundation of our corporate success by fostering collaboration. Trust lies at the core of our values, our way of working, and our innovative approach.<\/p><p data-start=\"594\" data-end=\"949\">In our talent acquisition processes, we adopt a merit- and competency-based approach without any discrimination based on race, gender, age, language, religion, or similar factors. We are committed to providing a workplace where discrimination, harassment, and inequality have no place, and we consider respect for human rights an integral part of all our activities.<\/p><p data-start=\"951\" data-end=\"1399\">Our Human Resources policy is built in alignment with our company\u2019s strategic goals, strengthening the employee experience and sustaining our corporate reputation. We aim to create a corporate culture where all our employees feel valued, can express themselves freely, and fully realize their potential. We support the professional journeys of our employees through training, development, and career opportunities.<\/p>\t\t\t\t\t\t\t\t<\/div>\n\t\t\t\t<\/div>\n\t\t<div class=\"elementor-element elementor-element-2be1525a e-con-full e-flex e-con e-child\" data-id=\"2be1525a\" data-element_type=\"container\" data-e-type=\"container\">\n\t\t\t\t<div class=\"elementor-element elementor-element-2c051063 elementor-widget elementor-widget-image\" data-id=\"2c051063\" data-element_type=\"widget\" data-e-type=\"widget\" data-widget_type=\"image.default\">\n\t\t\t\t\t\t\t\t\t\t\t\t\t\t\t<img fetchpriority=\"high\" decoding=\"async\" width=\"2560\" height=\"1707\" src=\"https:\/\/crrc-mng.com.tr\/wp-content\/uploads\/2026\/04\/FLAG-CRRC-scaled.webp\" class=\"attachment-full size-full wp-image-777\" alt=\"\" srcset=\"https:\/\/crrc-mng.com.tr\/wp-content\/uploads\/2026\/04\/FLAG-CRRC-scaled.webp 2560w, https:\/\/crrc-mng.com.tr\/wp-content\/uploads\/2026\/04\/FLAG-CRRC-300x200.webp 300w, https:\/\/crrc-mng.com.tr\/wp-content\/uploads\/2026\/04\/FLAG-CRRC-1024x683.webp 1024w, https:\/\/crrc-mng.com.tr\/wp-content\/uploads\/2026\/04\/FLAG-CRRC-768x512.webp 768w, https:\/\/crrc-mng.com.tr\/wp-content\/uploads\/2026\/04\/FLAG-CRRC-1536x1024.webp 1536w, https:\/\/crrc-mng.com.tr\/wp-content\/uploads\/2026\/04\/FLAG-CRRC-2048x1365.webp 2048w, https:\/\/crrc-mng.com.tr\/wp-content\/uploads\/2026\/04\/FLAG-CRRC-18x12.webp 18w\" sizes=\"(max-width: 2560px) 100vw, 2560px\" \/>\t\t\t\t\t\t\t\t\t\t\t\t\t\t\t<\/div>\n\t\t\t\t<\/div>\n\t\t\t\t\t<\/div>\n\t\t\t\t<\/div>\n\t\t<div class=\"elementor-element elementor-element-1b9105a e-flex e-con-boxed e-con e-parent\" data-id=\"1b9105a\" data-element_type=\"container\" data-e-type=\"container\">\n\t\t\t\t\t<div class=\"e-con-inner\">\n\t\t\t\t<div class=\"elementor-element elementor-element-6f08cd1 elementor-widget elementor-widget-spacer\" data-id=\"6f08cd1\" data-element_type=\"widget\" data-e-type=\"widget\" data-widget_type=\"spacer.default\">\n\t\t\t\t\t\t\t<div class=\"elementor-spacer\">\n\t\t\t<div class=\"elementor-spacer-inner\"><\/div>\n\t\t<\/div>\n\t\t\t\t\t\t<\/div>\n\t\t\t\t<div class=\"elementor-element elementor-element-2055539 elementor-widget elementor-widget-heading\" data-id=\"2055539\" data-element_type=\"widget\" data-e-type=\"widget\" data-widget_type=\"heading.default\">\n\t\t\t\t\t<h2 class=\"elementor-heading-title elementor-size-default\">Careers at CRRC-MNG<\/h2>\t\t\t\t<\/div>\n\t\t\t\t<div class=\"elementor-element elementor-element-40f90f7 elementor-widget elementor-widget-text-editor\" data-id=\"40f90f7\" data-element_type=\"widget\" data-e-type=\"widget\" data-widget_type=\"text-editor.default\">\n\t\t\t\t\t\t\t\t\t<p data-start=\"146\" data-end=\"430\"><span class=\"hover:entity-accent entity-underline inline cursor-pointer align-baseline\"><span class=\"whitespace-normal\">CRRC-MNG Rail System Vehicles Industry and Trade Co., Ltd.<\/span><\/span> we develop and manufacture rail system vehicles and electric buses in line with global standards, delivering sustainable transportation solutions. In this process, our employees play a critical role in achieving excellence in quality, safety, and engineering.<\/p><p data-start=\"432\" data-end=\"646\">We place teamwork at the center of successfully delivering complex and high-tech projects, while continuously enhancing the tools and systems that support the development of our employees\u2019 competencies.<\/p><p data-start=\"648\" data-end=\"660\">If you would like to:<\/p><p>Take part in innovative projects<\/p><p>Contribute to production and engineering processes at international standards<\/p><p>Advance with continuous development and career opportunities<\/p><p data-start=\"833\" data-end=\"897\">we can build your future together at CRRC-MNG.<\/p>\t\t\t\t\t\t\t\t<\/div>\n\t\t\t\t<div class=\"elementor-element elementor-element-5fc92df elementor-widget elementor-widget-heading\" data-id=\"5fc92df\" data-element_type=\"widget\" data-e-type=\"widget\" data-widget_type=\"heading.default\">\n\t\t\t\t\t<h2 class=\"elementor-heading-title elementor-size-default\">Open Positions\n\n<\/h2>\t\t\t\t<\/div>\n\t\t\t\t<div class=\"elementor-element elementor-element-f9f51d5 elementor-widget elementor-widget-text-editor\" data-id=\"f9f51d5\" data-element_type=\"widget\" data-e-type=\"widget\" data-widget_type=\"text-editor.default\">\n\t\t\t\t\t\t\t\t\t<p data-start=\"146\" data-end=\"430\"><strong><a href=\"https:\/\/www.kariyer.net\/firma-profil\/crrc-mng-rayli-sistem-araclari-san-ve-tic-ltd-s-52874-62433\">Kariyer.net<\/a>,<\/strong> ve <a href=\"https:\/\/www.linkedin.com\/company\/105713829\/admin\/dashboard\/\"><strong>Linkedin<\/strong><\/a> you can submit your applications via general application sections.<\/p><p data-start=\"146\" data-end=\"430\"><a href=\"https:\/\/www.kariyer.net\/firma-profil\/crrc-mng-rayli-sistem-araclari-san-ve-tic-ltd-s-52874-62433\"><img decoding=\"async\" class=\"alignnone wp-image-600\" src=\"https:\/\/crrc-mng.com.tr\/wp-content\/uploads\/2026\/03\/Varlik-42.webp\" alt=\"\" width=\"82\" height=\"82\" srcset=\"https:\/\/crrc-mng.com.tr\/wp-content\/uploads\/2026\/03\/Varlik-42.webp 85w, https:\/\/crrc-mng.com.tr\/wp-content\/uploads\/2026\/03\/Varlik-42-12x12.webp 12w\" sizes=\"(max-width: 82px) 100vw, 82px\" \/><\/a>\u00a0\u00a0 \u00a0 <a href=\"https:\/\/www.linkedin.com\/company\/105713829\/admin\/dashboard\/\"><img decoding=\"async\" class=\"alignnone wp-image-599\" src=\"https:\/\/crrc-mng.com.tr\/wp-content\/uploads\/2026\/03\/Varlik-32.webp\" alt=\"\" width=\"82\" height=\"82\" srcset=\"https:\/\/crrc-mng.com.tr\/wp-content\/uploads\/2026\/03\/Varlik-32.webp 85w, https:\/\/crrc-mng.com.tr\/wp-content\/uploads\/2026\/03\/Varlik-32-12x12.webp 12w\" sizes=\"(max-width: 82px) 100vw, 82px\" \/><\/a><\/p>\t\t\t\t\t\t\t\t<\/div>\n\t\t\t\t\t<\/div>\n\t\t\t\t<\/div>\n\t\t<div class=\"elementor-element elementor-element-32cfb71 e-flex e-con-boxed e-con e-parent\" data-id=\"32cfb71\" data-element_type=\"container\" data-e-type=\"container\" data-settings=\"{&quot;background_background&quot;:&quot;classic&quot;}\">\n\t\t\t\t\t<div class=\"e-con-inner\">\n\t\t<div class=\"elementor-element elementor-element-63155d8 e-con-full e-flex e-con e-child\" data-id=\"63155d8\" data-element_type=\"container\" data-e-type=\"container\">\n\t\t\t\t<div class=\"elementor-element elementor-element-266787e elementor-widget elementor-widget-heading\" data-id=\"266787e\" data-element_type=\"widget\" data-e-type=\"widget\" data-widget_type=\"heading.default\">\n\t\t\t\t\t<h6 class=\"elementor-heading-title elementor-size-default\">Talent Acquisition Policy<\/h6>\t\t\t\t<\/div>\n\t\t\t\t<div class=\"elementor-element elementor-element-a049184 elementor-widget elementor-widget-text-editor\" data-id=\"a049184\" data-element_type=\"widget\" data-e-type=\"widget\" data-widget_type=\"text-editor.default\">\n\t\t\t\t\t\t\t\t\t<p data-start=\"148\" data-end=\"531\"><span class=\"hover:entity-accent entity-underline inline cursor-pointer align-baseline\"><span class=\"whitespace-normal\">CRRC-MNG Rail System Vehicles Industry and Trade Co., Ltd.<\/span><\/span> our Human Resources approach is built on a strong talent management philosophy that supports sustainable success. We aim to maximize individual potential by providing defined career paths, continuous training opportunities, and development-oriented resources to support the career growth of our employees.<\/p><p data-start=\"533\" data-end=\"822\">We believe that the knowledge, skills, and competencies of each employee contribute significantly to our company\u2019s innovation power and operational success. Accordingly, attracting, developing, and sustainably managing talent are among our top priorities.<\/p><p data-start=\"824\" data-end=\"1151\">Our talent acquisition approach is designed to highlight the strengths of our employees, encourage continuous development, and build a performance-oriented culture. In line with the principles of fairness, inclusiveness, and collaboration, we aim to create a working environment where every individual\u2019s contribution is valued.<\/p><p data-start=\"1153\" data-end=\"1455\">\u00a0<\/p>\t\t\t\t\t\t\t\t<\/div>\n\t\t\t\t<\/div>\n\t\t<div class=\"elementor-element elementor-element-5453a5c e-con-full e-flex e-con e-child\" data-id=\"5453a5c\" data-element_type=\"container\" data-e-type=\"container\" data-settings=\"{&quot;background_background&quot;:&quot;gradient&quot;}\">\n\t\t\t\t<div class=\"elementor-element elementor-element-66347a3 elementor-widget elementor-widget-image\" data-id=\"66347a3\" data-element_type=\"widget\" data-e-type=\"widget\" data-widget_type=\"image.default\">\n\t\t\t\t\t\t\t\t\t\t\t\t\t\t\t<img loading=\"lazy\" decoding=\"async\" width=\"1146\" height=\"748\" src=\"https:\/\/crrc-mng.com.tr\/wp-content\/uploads\/2026\/03\/57709-Frame-612.png\" class=\"attachment-1536x1536 size-1536x1536 wp-image-596\" alt=\"\" srcset=\"https:\/\/crrc-mng.com.tr\/wp-content\/uploads\/2026\/03\/57709-Frame-612.png 1146w, https:\/\/crrc-mng.com.tr\/wp-content\/uploads\/2026\/03\/57709-Frame-612-300x196.png 300w, https:\/\/crrc-mng.com.tr\/wp-content\/uploads\/2026\/03\/57709-Frame-612-1024x668.png 1024w, https:\/\/crrc-mng.com.tr\/wp-content\/uploads\/2026\/03\/57709-Frame-612-768x501.png 768w, https:\/\/crrc-mng.com.tr\/wp-content\/uploads\/2026\/03\/57709-Frame-612-18x12.png 18w\" sizes=\"(max-width: 1146px) 100vw, 1146px\" \/>\t\t\t\t\t\t\t\t\t\t\t\t\t\t\t<\/div>\n\t\t\t\t<\/div>\n\t\t\t\t\t<\/div>\n\t\t\t\t<\/div>\n\t\t\t\t<\/div>","protected":false},"excerpt":{"rendered":"<p>\u0130nsan Kaynaklar\u0131 ve Kurumsal K\u00fclt\u00fcr CRRC-MNG Rayl\u0131 Sistem Ara\u00e7lar\u0131 San. ve Tic. Ltd. \u015eti. olarak, g\u00fcvene dayal\u0131, kapsay\u0131c\u0131 ve s\u00fcrd\u00fcr\u00fclebilir bir \u00e7al\u0131\u015fma ortam\u0131 olu\u015fturmay\u0131 \u00f6nceliklerimiz aras\u0131nda g\u00f6r\u00fcyoruz. Kurum i\u00e7i g\u00fc\u00e7l\u00fc ileti\u015fim k\u00fclt\u00fcr\u00fcm\u00fcz ve \u00e7al\u0131\u015fanlar\u0131m\u0131z ile y\u00f6netim aras\u0131ndaki \u015feffaf etkile\u015fim, i\u015f birli\u011fini destekleyerek kurumsal ba\u015far\u0131m\u0131z\u0131n temelini olu\u015fturmaktad\u0131r. G\u00fcven; de\u011ferlerimizin, \u00e7al\u0131\u015fma anlay\u0131\u015f\u0131m\u0131z\u0131n ve yenilik\u00e7i yakla\u015f\u0131m\u0131m\u0131z\u0131n merkezinde yer [&hellip;]<\/p>\n","protected":false},"author":1,"featured_media":0,"parent":0,"menu_order":0,"comment_status":"closed","ping_status":"closed","template":"elementor_header_footer","meta":{"footnotes":""},"class_list":["post-591","page","type-page","status-publish","hentry"],"_links":{"self":[{"href":"https:\/\/crrc-mng.com.tr\/en\/wp-json\/wp\/v2\/pages\/591","targetHints":{"allow":["GET"]}}],"collection":[{"href":"https:\/\/crrc-mng.com.tr\/en\/wp-json\/wp\/v2\/pages"}],"about":[{"href":"https:\/\/crrc-mng.com.tr\/en\/wp-json\/wp\/v2\/types\/page"}],"author":[{"embeddable":true,"href":"https:\/\/crrc-mng.com.tr\/en\/wp-json\/wp\/v2\/users\/1"}],"replies":[{"embeddable":true,"href":"https:\/\/crrc-mng.com.tr\/en\/wp-json\/wp\/v2\/comments?post=591"}],"version-history":[{"count":10,"href":"https:\/\/crrc-mng.com.tr\/en\/wp-json\/wp\/v2\/pages\/591\/revisions"}],"predecessor-version":[{"id":780,"href":"https:\/\/crrc-mng.com.tr\/en\/wp-json\/wp\/v2\/pages\/591\/revisions\/780"}],"wp:attachment":[{"href":"https:\/\/crrc-mng.com.tr\/en\/wp-json\/wp\/v2\/media?parent=591"}],"curies":[{"name":"wp","href":"https:\/\/api.w.org\/{rel}","templated":true}]}}