{"id":578,"date":"2026-03-26T22:32:52","date_gmt":"2026-03-26T22:32:52","guid":{"rendered":"https:\/\/crrc-mng.com.tr\/?page_id=578"},"modified":"2026-04-01T14:05:23","modified_gmt":"2026-04-01T14:05:23","slug":"haber-yazilar","status":"publish","type":"page","link":"https:\/\/crrc-mng.com.tr\/en\/haber-yazilar\/","title":{"rendered":"NEWS &amp; MEDIA"},"content":{"rendered":"<div data-elementor-type=\"wp-page\" data-elementor-id=\"578\" class=\"elementor elementor-578\" data-elementor-post-type=\"page\">\n\t\t\t\t<div class=\"elementor-element elementor-element-301e3e08 e-flex e-con-boxed e-con e-parent\" data-id=\"301e3e08\" data-element_type=\"container\" data-e-type=\"container\" data-settings=\"{&quot;background_background&quot;:&quot;classic&quot;}\">\n\t\t\t\t\t<div class=\"e-con-inner\">\n\t\t<div class=\"elementor-element elementor-element-454e516 e-con-full e-flex e-con e-child\" data-id=\"454e516\" data-element_type=\"container\" data-e-type=\"container\">\n\t\t\t\t<div class=\"elementor-element elementor-element-31586a54 elementor-widget__width-auto elementor-invisible elementor-widget elementor-widget-heading\" data-id=\"31586a54\" data-element_type=\"widget\" data-e-type=\"widget\" data-settings=\"{&quot;_animation&quot;:&quot;fadeInLeft&quot;}\" data-widget_type=\"heading.default\">\n\t\t\t\t\t<h2 class=\"elementor-heading-title elementor-size-default\">NEWS &amp; MEDIA<\/h2>\t\t\t\t<\/div>\n\t\t\t\t<\/div>\n\t\t\t\t\t<\/div>\n\t\t\t\t<\/div>\n\t\t<div class=\"elementor-element elementor-element-c9c60f7 e-flex e-con-boxed e-con e-parent\" data-id=\"c9c60f7\" data-element_type=\"container\" data-e-type=\"container\" data-settings=\"{&quot;background_background&quot;:&quot;classic&quot;}\">\n\t\t\t\t\t<div class=\"e-con-inner\">\n\t\t<div class=\"elementor-element elementor-element-bd65748 e-con-full e-flex e-con e-child\" data-id=\"bd65748\" data-element_type=\"container\" data-e-type=\"container\">\n\t\t\t\t<div class=\"elementor-element elementor-element-7f8dbae elementor-widget-divider--view-line_text elementor-widget-divider--element-align-left elementor-widget elementor-widget-divider\" data-id=\"7f8dbae\" data-element_type=\"widget\" data-e-type=\"widget\" data-widget_type=\"divider.default\">\n\t\t\t\t\t\t\t<div class=\"elementor-divider\">\n\t\t\t<span class=\"elementor-divider-separator\">\n\t\t\t\t\t\t\t<h6 class=\"elementor-divider__text elementor-divider__element\">\n\t\t\t\t<span style=\"color: rgb(190, 190, 190); font-family: Tahoma, sans-serif; font-size: 20px; font-weight: 700;\">CRRC-MNG<\/span>\t\t\t\t<\/h6>\n\t\t\t\t\t\t<\/span>\n\t\t<\/div>\n\t\t\t\t\t\t<\/div>\n\t\t\t\t<div class=\"elementor-element elementor-element-4a7014e elementor-widget elementor-widget-heading\" data-id=\"4a7014e\" data-element_type=\"widget\" data-e-type=\"widget\" data-widget_type=\"heading.default\">\n\t\t\t\t\t<h2 class=\"elementor-heading-title elementor-size-default\">News &amp; Articles<\/h2>\t\t\t\t<\/div>\n\t\t\t\t<div class=\"elementor-element elementor-element-e146bc1 elementor-grid-3 elementor-grid-tablet-2 elementor-grid-mobile-1 elementor-posts--thumbnail-top elementor-posts__hover-gradient elementor-widget elementor-widget-posts\" data-id=\"e146bc1\" data-element_type=\"widget\" data-e-type=\"widget\" data-settings=\"{&quot;cards_row_gap&quot;:{&quot;unit&quot;:&quot;px&quot;,&quot;size&quot;:15,&quot;sizes&quot;:[]},&quot;cards_columns&quot;:&quot;3&quot;,&quot;cards_columns_tablet&quot;:&quot;2&quot;,&quot;cards_columns_mobile&quot;:&quot;1&quot;,&quot;cards_row_gap_tablet&quot;:{&quot;unit&quot;:&quot;px&quot;,&quot;size&quot;:&quot;&quot;,&quot;sizes&quot;:[]},&quot;cards_row_gap_mobile&quot;:{&quot;unit&quot;:&quot;px&quot;,&quot;size&quot;:&quot;&quot;,&quot;sizes&quot;:[]}}\" data-widget_type=\"posts.cards\">\n\t\t\t\t<div class=\"elementor-widget-container\">\n\t\t\t\t\t\t\t<div class=\"elementor-posts-container elementor-posts elementor-posts--skin-cards elementor-grid\" role=\"list\">\n\t\t\t\t<article class=\"elementor-post elementor-grid-item post-324 post type-post status-publish format-standard has-post-thumbnail hentry category-yazilar\" role=\"listitem\">\n\t\t\t<div class=\"elementor-post__card\">\n\t\t\t\t<a class=\"elementor-post__thumbnail__link\" href=\"https:\/\/crrc-mng.com.tr\/en\/2026\/03\/26\/izmir-metrosu-26-senesini-tamamladi\/\" tabindex=\"-1\" ><div class=\"elementor-post__thumbnail\"><img fetchpriority=\"high\" decoding=\"async\" width=\"1365\" height=\"1024\" src=\"https:\/\/crrc-mng.com.tr\/wp-content\/uploads\/2026\/03\/aqwqqqq.jpg\" class=\"attachment-full size-full wp-image-326\" alt=\"\" srcset=\"https:\/\/crrc-mng.com.tr\/wp-content\/uploads\/2026\/03\/aqwqqqq.jpg 1365w, https:\/\/crrc-mng.com.tr\/wp-content\/uploads\/2026\/03\/aqwqqqq-300x225.jpg 300w, https:\/\/crrc-mng.com.tr\/wp-content\/uploads\/2026\/03\/aqwqqqq-1024x768.jpg 1024w, https:\/\/crrc-mng.com.tr\/wp-content\/uploads\/2026\/03\/aqwqqqq-768x576.jpg 768w\" sizes=\"(max-width: 1365px) 100vw, 1365px\" \/><\/div><\/a>\n\t\t\t\t<div class=\"elementor-post__badge\">Articles<\/div>\n\t\t\t\t<div class=\"elementor-post__text\">\n\t\t\t\t<h3 class=\"elementor-post__title\">\n\t\t\t<a href=\"https:\/\/crrc-mng.com.tr\/en\/2026\/03\/26\/izmir-metrosu-26-senesini-tamamladi\/\" >\n\t\t\t\t\u0130zmir Metro Has Been in Service for 26 Years\t\t\t<\/a>\n\t\t<\/h3>\n\t\t\t\t<div class=\"elementor-post__excerpt\">\n\t\t\t<p>\u0130zmir Metro, one of T\u00fcrkiye\u2019s most important urban transportation projects, has completed its 26th year, once again proving its success in urban mobility. The CRRC-MNG manufactured metro\u2026<\/p>\n\t\t<\/div>\n\t\t\n\t\t<a class=\"elementor-post__read-more\" href=\"https:\/\/crrc-mng.com.tr\/en\/2026\/03\/26\/izmir-metrosu-26-senesini-tamamladi\/\" aria-label=\"Read more about \u0130zmir Metrosu 26. Senedir Hizmet Veriyor\" tabindex=\"-1\" >\n\t\t\tView Details \u00bb\t\t<\/a>\n\n\t\t\t\t<\/div>\n\t\t\t\t\t<\/div>\n\t\t<\/article>\n\t\t\t\t<article class=\"elementor-post elementor-grid-item post-319 post type-post status-publish format-standard has-post-thumbnail hentry category-yazilar\" role=\"listitem\">\n\t\t\t<div class=\"elementor-post__card\">\n\t\t\t\t<a class=\"elementor-post__thumbnail__link\" href=\"https:\/\/crrc-mng.com.tr\/en\/2026\/03\/26\/ankara-metrosunun-yeni-setleri-tamamlandi\/\" tabindex=\"-1\" ><div class=\"elementor-post__thumbnail\"><img decoding=\"async\" width=\"1200\" height=\"794\" src=\"https:\/\/crrc-mng.com.tr\/wp-content\/uploads\/2026\/03\/DLtAWT-XUAASpd9.jpg\" class=\"attachment-full size-full wp-image-320\" alt=\"\" srcset=\"https:\/\/crrc-mng.com.tr\/wp-content\/uploads\/2026\/03\/DLtAWT-XUAASpd9.jpg 1200w, https:\/\/crrc-mng.com.tr\/wp-content\/uploads\/2026\/03\/DLtAWT-XUAASpd9-300x199.jpg 300w, https:\/\/crrc-mng.com.tr\/wp-content\/uploads\/2026\/03\/DLtAWT-XUAASpd9-1024x678.jpg 1024w, https:\/\/crrc-mng.com.tr\/wp-content\/uploads\/2026\/03\/DLtAWT-XUAASpd9-768x508.jpg 768w\" sizes=\"(max-width: 1200px) 100vw, 1200px\" \/><\/div><\/a>\n\t\t\t\t<div class=\"elementor-post__badge\">Articles<\/div>\n\t\t\t\t<div class=\"elementor-post__text\">\n\t\t\t\t<h3 class=\"elementor-post__title\">\n\t\t\t<a href=\"https:\/\/crrc-mng.com.tr\/en\/2026\/03\/26\/ankara-metrosunun-yeni-setleri-tamamlandi\/\" >\n\t\t\t\tNew Train Sets for Ankara Metro Completed\t\t\t<\/a>\n\t\t<\/h3>\n\t\t\t\t<div class=\"elementor-post__excerpt\">\n\t\t\t<p>Another significant step has been completed to strengthen Ankara\u2019s transportation infrastructure. The production and delivery processes of the new metro train sets have been successfully finalized, enhancing the capital\u2019s public transportation capacity with modern and high-performance solutions.<\/p>\n\t\t<\/div>\n\t\t\n\t\t<a class=\"elementor-post__read-more\" href=\"https:\/\/crrc-mng.com.tr\/en\/2026\/03\/26\/ankara-metrosunun-yeni-setleri-tamamlandi\/\" aria-label=\"Read more about Ankara Metrosunun Yeni Setleri Tamamland\u0131\" tabindex=\"-1\" >\n\t\t\tView Details \u00bb\t\t<\/a>\n\n\t\t\t\t<\/div>\n\t\t\t\t\t<\/div>\n\t\t<\/article>\n\t\t\t\t<article class=\"elementor-post elementor-grid-item post-1 post type-post status-publish format-standard has-post-thumbnail hentry category-haberler\" role=\"listitem\">\n\t\t\t<div class=\"elementor-post__card\">\n\t\t\t\t<a class=\"elementor-post__thumbnail__link\" href=\"https:\/\/crrc-mng.com.tr\/en\/2026\/03\/24\/halkali-istanbul-havalimani-metrosu-surucusuz-test\/\" tabindex=\"-1\" ><div class=\"elementor-post__thumbnail\"><img decoding=\"async\" width=\"880\" height=\"586\" src=\"https:\/\/crrc-mng.com.tr\/wp-content\/uploads\/2026\/03\/b0a3b5f6-2256-4964-a85d-8331c91208e8.webp\" class=\"attachment-full size-full wp-image-308\" alt=\"\" srcset=\"https:\/\/crrc-mng.com.tr\/wp-content\/uploads\/2026\/03\/b0a3b5f6-2256-4964-a85d-8331c91208e8.webp 880w, https:\/\/crrc-mng.com.tr\/wp-content\/uploads\/2026\/03\/b0a3b5f6-2256-4964-a85d-8331c91208e8-300x200.webp 300w, https:\/\/crrc-mng.com.tr\/wp-content\/uploads\/2026\/03\/b0a3b5f6-2256-4964-a85d-8331c91208e8-768x511.webp 768w\" sizes=\"(max-width: 880px) 100vw, 880px\" \/><\/div><\/a>\n\t\t\t\t<div class=\"elementor-post__badge\">News<\/div>\n\t\t\t\t<div class=\"elementor-post__text\">\n\t\t\t\t<h3 class=\"elementor-post__title\">\n\t\t\t<a href=\"https:\/\/crrc-mng.com.tr\/en\/2026\/03\/24\/halkali-istanbul-havalimani-metrosu-surucusuz-test\/\" >\n\t\t\t\tDriverless Test of Halkal\u0131\u2013Istanbul Airport Metro\t\t\t<\/a>\n\t\t<\/h3>\n\t\t\t\t<div class=\"elementor-post__excerpt\">\n\t\t\t<p>Minister of Transport and Infrastructure Abdulkadir Uralo\u011flu announced that the entire Halkal\u0131\u2013Istanbul Airport Metro Line will be put into service in the first quarter of 2026. Uralo\u011flu also stated that the line has been tested at a speed of 121 km\/h.<\/p>\n\t\t<\/div>\n\t\t\n\t\t<a class=\"elementor-post__read-more\" href=\"https:\/\/crrc-mng.com.tr\/en\/2026\/03\/24\/halkali-istanbul-havalimani-metrosu-surucusuz-test\/\" aria-label=\"Read more about Halkal\u0131-\u0130stanbul Havaliman\u0131 Metrosu S\u00fcr\u00fcc\u00fcs\u00fcz Test\" tabindex=\"-1\" >\n\t\t\tView Details \u00bb\t\t<\/a>\n\n\t\t\t\t<\/div>\n\t\t\t\t\t<\/div>\n\t\t<\/article>\n\t\t\t\t<\/div>\n\t\t\n\t\t\t\t\t\t<\/div>\n\t\t\t\t<\/div>\n\t\t\t\t<\/div>\n\t\t\t\t\t<\/div>\n\t\t\t\t<\/div>\n\t\t\t\t<\/div>","protected":false},"excerpt":{"rendered":"<p>CRRC-MNG Haberler &amp; Yaz\u0131lar<\/p>","protected":false},"author":1,"featured_media":0,"parent":0,"menu_order":0,"comment_status":"closed","ping_status":"closed","template":"elementor_header_footer","meta":{"footnotes":""},"class_list":["post-578","page","type-page","status-publish","hentry"],"_links":{"self":[{"href":"https:\/\/crrc-mng.com.tr\/en\/wp-json\/wp\/v2\/pages\/578","targetHints":{"allow":["GET"]}}],"collection":[{"href":"https:\/\/crrc-mng.com.tr\/en\/wp-json\/wp\/v2\/pages"}],"about":[{"href":"https:\/\/crrc-mng.com.tr\/en\/wp-json\/wp\/v2\/types\/page"}],"author":[{"embeddable":true,"href":"https:\/\/crrc-mng.com.tr\/en\/wp-json\/wp\/v2\/users\/1"}],"replies":[{"embeddable":true,"href":"https:\/\/crrc-mng.com.tr\/en\/wp-json\/wp\/v2\/comments?post=578"}],"version-history":[{"count":5,"href":"https:\/\/crrc-mng.com.tr\/en\/wp-json\/wp\/v2\/pages\/578\/revisions"}],"predecessor-version":[{"id":750,"href":"https:\/\/crrc-mng.com.tr\/en\/wp-json\/wp\/v2\/pages\/578\/revisions\/750"}],"wp:attachment":[{"href":"https:\/\/crrc-mng.com.tr\/en\/wp-json\/wp\/v2\/media?parent=578"}],"curies":[{"name":"wp","href":"https:\/\/api.w.org\/{rel}","templated":true}]}}