{"id":550,"date":"2026-03-26T21:40:21","date_gmt":"2026-03-26T21:40:21","guid":{"rendered":"https:\/\/crrc-mng.com.tr\/?page_id=550"},"modified":"2026-03-27T06:24:09","modified_gmt":"2026-03-27T06:24:09","slug":"7m-elektrikli-otobus","status":"publish","type":"page","link":"https:\/\/crrc-mng.com.tr\/en\/7m-elektrikli-otobus\/","title":{"rendered":"7M ELECTRIC BUS"},"content":{"rendered":"\t\t<div data-elementor-type=\"wp-page\" data-elementor-id=\"550\" class=\"elementor elementor-550\" data-elementor-post-type=\"page\">\n\t\t\t\t<div class=\"elementor-element elementor-element-7e064b87 e-flex e-con-boxed e-con e-parent\" data-id=\"7e064b87\" data-element_type=\"container\" data-e-type=\"container\" data-settings=\"{&quot;background_background&quot;:&quot;classic&quot;}\">\n\t\t\t\t\t<div class=\"e-con-inner\">\n\t\t<div class=\"elementor-element elementor-element-62da68a4 e-con-full e-flex e-con e-child\" data-id=\"62da68a4\" data-element_type=\"container\" data-e-type=\"container\">\n\t\t\t\t<div class=\"elementor-element elementor-element-2e9c925 elementor-widget__width-auto elementor-invisible elementor-widget elementor-widget-heading\" data-id=\"2e9c925\" data-element_type=\"widget\" data-e-type=\"widget\" data-settings=\"{&quot;_animation&quot;:&quot;fadeInLeft&quot;}\" data-widget_type=\"heading.default\">\n\t\t\t\t\t<h2 class=\"elementor-heading-title elementor-size-default\">7M ELEKTR\u0130KL\u0130 OTOB\u00dcS<\/h2>\t\t\t\t<\/div>\n\t\t\t\t<\/div>\n\t\t\t\t\t<\/div>\n\t\t\t\t<\/div>\n\t\t<div class=\"elementor-element elementor-element-7206b363 e-flex e-con-boxed e-con e-parent\" data-id=\"7206b363\" data-element_type=\"container\" data-e-type=\"container\" data-settings=\"{&quot;background_background&quot;:&quot;classic&quot;}\">\n\t\t\t\t\t<div class=\"e-con-inner\">\n\t\t<div class=\"elementor-element elementor-element-60820fa1 e-con-full e-flex e-con e-child\" data-id=\"60820fa1\" data-element_type=\"container\" data-e-type=\"container\" data-settings=\"{&quot;background_slideshow_gallery&quot;:[{&quot;id&quot;:503,&quot;url&quot;:&quot;https:\\\/\\\/crrc-mng.com.tr\\\/wp-content\\\/uploads\\\/2026\\\/03\\\/7.webp&quot;}],&quot;background_background&quot;:&quot;slideshow&quot;,&quot;background_slideshow_loop&quot;:&quot;yes&quot;,&quot;background_slideshow_slide_duration&quot;:5000,&quot;background_slideshow_slide_transition&quot;:&quot;fade&quot;,&quot;background_slideshow_transition_duration&quot;:500}\">\n\t\t\t\t<\/div>\n\t\t<div class=\"elementor-element elementor-element-7eb3c4ea e-con-full e-flex e-con e-child\" data-id=\"7eb3c4ea\" data-element_type=\"container\" data-e-type=\"container\">\n\t\t\t\t<div class=\"elementor-element elementor-element-63368fb9 elementor-widget elementor-widget-heading\" data-id=\"63368fb9\" data-element_type=\"widget\" data-e-type=\"widget\" data-widget_type=\"heading.default\">\n\t\t\t\t\t<h6 class=\"elementor-heading-title elementor-size-default\">7M ELEKTR\u0130KL\u0130 OTOB\u00dcS<\/h6>\t\t\t\t<\/div>\n\t\t\t\t<div class=\"elementor-element elementor-element-359ce83e elementor-widget elementor-widget-text-editor\" data-id=\"359ce83e\" data-element_type=\"widget\" data-e-type=\"widget\" data-widget_type=\"text-editor.default\">\n\t\t\t\t\t\t\t\t\t<p data-start=\"143\" data-end=\"428\">CRRC taraf\u0131ndan geli\u015ftirilen 7 metre elektrikli otob\u00fcs, dar \u015fehir i\u00e7i hatlar ve d\u00fc\u015f\u00fck yolcu yo\u011funluklu b\u00f6lgeler i\u00e7in \u00f6zel olarak tasarlanm\u0131\u015f kompakt bir ula\u015f\u0131m \u00e7\u00f6z\u00fcm\u00fcd\u00fcr. K\u00fc\u00e7\u00fck boyutlar\u0131 sayesinde y\u00fcksek manevra kabiliyeti sunarken, \u015fehir i\u00e7i ula\u015f\u0131mda esnek ve verimli kullan\u0131m sa\u011flar.<\/p><p data-start=\"430\" data-end=\"617\">Sessiz \u00e7al\u0131\u015fma prensibi, d\u00fc\u015f\u00fck enerji t\u00fcketimi ve \u00e7evreci yap\u0131s\u0131 ile s\u00fcrd\u00fcr\u00fclebilir ula\u015f\u0131m \u00e7\u00f6z\u00fcmlerine katk\u0131 sa\u011flayan bu model, k\u0131sa mesafeli hatlar i\u00e7in ideal bir alternatif sunmaktad\u0131r.<\/p>\t\t\t\t\t\t\t\t<\/div>\n\t\t<div class=\"elementor-element elementor-element-2ed5c530 e-con-full e-flex e-con e-child\" data-id=\"2ed5c530\" data-element_type=\"container\" data-e-type=\"container\">\n\t\t\t\t<div class=\"elementor-element elementor-element-6b7a290 elementor-widget elementor-widget-text-editor\" data-id=\"6b7a290\" data-element_type=\"widget\" data-e-type=\"widget\" data-widget_type=\"text-editor.default\">\n\t\t\t\t\t\t\t\t\t<div class=\"flex flex-col text-sm pb-25\"><section class=\"text-token-text-primary w-full focus:outline-none [--shadow-height:45px] has-data-writing-block:pointer-events-none has-data-writing-block:-mt-(--shadow-height) has-data-writing-block:pt-(--shadow-height) [&amp;:has([data-writing-block])&gt;*]:pointer-events-auto scroll-mt-[calc(var(--header-height)+min(200px,max(70px,20svh)))]\" dir=\"auto\" data-turn-id=\"request-69c579a7-dd84-8392-a3ce-287bc8b13187-4\" data-testid=\"conversation-turn-40\" data-scroll-anchor=\"true\" data-turn=\"assistant\"><div class=\"text-base my-auto mx-auto pb-10 [--thread-content-margin:var(--thread-content-margin-xs,calc(var(--spacing)*4))] @w-sm\/main:[--thread-content-margin:var(--thread-content-margin-sm,calc(var(--spacing)*6))] @w-lg\/main:[--thread-content-margin:var(--thread-content-margin-lg,calc(var(--spacing)*16))] px-(--thread-content-margin)\"><div class=\"[--thread-content-max-width:40rem] @w-lg\/main:[--thread-content-max-width:48rem] mx-auto max-w-(--thread-content-max-width) flex-1 group\/turn-messages focus-visible:outline-hidden relative flex w-full min-w-0 flex-col agent-turn\"><div class=\"flex max-w-full flex-col gap-4 grow\"><div class=\"min-h-8 text-message relative flex w-full flex-col items-end gap-2 text-start break-words whitespace-normal outline-none keyboard-focused:focus-ring [.text-message+&amp;]:mt-1\" dir=\"auto\" tabindex=\"0\" data-message-author-role=\"assistant\" data-message-id=\"526510ec-1c10-44a0-a3d0-eebd0e849d2b\" data-message-model-slug=\"gpt-5-3\" data-turn-start-message=\"true\"><div class=\"flex w-full flex-col gap-1 empty:hidden\"><div class=\"markdown prose dark:prose-invert w-full wrap-break-word light markdown-new-styling\"><p data-start=\"651\" data-end=\"1023\"><strong data-start=\"651\" data-end=\"676\">Boyutlar (U x G x Y):<\/strong> 6.990 x 2.330 x 3.000 mm<br data-start=\"701\" data-end=\"704\" \/><strong data-start=\"704\" data-end=\"728\">Bo\u015f \/ Azami A\u011f\u0131rl\u0131k:<\/strong> 6.350 kg \/ 9.800 kg<br data-start=\"748\" data-end=\"751\" \/><strong data-start=\"751\" data-end=\"768\">\u0130\u00e7 Y\u00fckseklik:<\/strong> 2.400 mm<br data-start=\"777\" data-end=\"780\" \/><strong data-start=\"780\" data-end=\"803\">Minimum D\u00f6n\u00fc\u015f \u00c7ap\u0131:<\/strong> 14 m<br data-start=\"808\" data-end=\"811\" \/><strong data-start=\"811\" data-end=\"826\">Zemin Tipi:<\/strong> D\u00fc\u015f\u00fck giri\u015f<br data-start=\"838\" data-end=\"841\" \/><strong data-start=\"841\" data-end=\"857\" data-is-only-node=\"\">Kap\u0131 D\u00fczeni:<\/strong> 1-2<br data-start=\"861\" data-end=\"864\" \/><strong data-start=\"864\" data-end=\"885\">Yolcu Kapasitesi:<\/strong> 58 ki\u015fi<br data-start=\"893\" data-end=\"896\" \/><strong data-start=\"896\" data-end=\"919\">Batarya Kapasitesi:<\/strong> 155 kWh<br data-start=\"927\" data-end=\"930\" \/><strong data-start=\"930\" data-end=\"945\">Motor G\u00fcc\u00fc:<\/strong> 85 kW (Maks. 165 kW)<br data-start=\"966\" data-end=\"969\" \/><strong data-start=\"969\" data-end=\"986\">Maksimum H\u0131z:<\/strong> 69 km\/s<br data-start=\"994\" data-end=\"997\" \/><strong data-start=\"997\" data-end=\"1008\">Menzil:<\/strong> 264 \u2013 355 km<\/p><\/div><\/div><\/div><\/div><\/div><\/div><\/section><\/div>\t\t\t\t\t\t\t\t<\/div>\n\t\t\t\t<\/div>\n\t\t\t\t<\/div>\n\t\t\t\t\t<\/div>\n\t\t\t\t<\/div>\n\t\t\t\t<\/div>\n\t\t","protected":false},"excerpt":{"rendered":"<p>7M ELEKTR\u0130KL\u0130 OTOB\u00dcS CRRC taraf\u0131ndan geli\u015ftirilen 7 metre elektrikli otob\u00fcs, dar \u015fehir i\u00e7i hatlar ve d\u00fc\u015f\u00fck yolcu yo\u011funluklu b\u00f6lgeler i\u00e7in \u00f6zel olarak tasarlanm\u0131\u015f kompakt bir ula\u015f\u0131m \u00e7\u00f6z\u00fcm\u00fcd\u00fcr. K\u00fc\u00e7\u00fck boyutlar\u0131 sayesinde y\u00fcksek manevra kabiliyeti sunarken, \u015fehir i\u00e7i ula\u015f\u0131mda esnek ve verimli kullan\u0131m sa\u011flar. Sessiz \u00e7al\u0131\u015fma prensibi, d\u00fc\u015f\u00fck enerji t\u00fcketimi ve \u00e7evreci yap\u0131s\u0131 ile s\u00fcrd\u00fcr\u00fclebilir ula\u015f\u0131m \u00e7\u00f6z\u00fcmlerine [&hellip;]<\/p>\n","protected":false},"author":1,"featured_media":0,"parent":0,"menu_order":0,"comment_status":"closed","ping_status":"closed","template":"elementor_header_footer","meta":{"footnotes":""},"class_list":["post-550","page","type-page","status-publish","hentry"],"_links":{"self":[{"href":"https:\/\/crrc-mng.com.tr\/en\/wp-json\/wp\/v2\/pages\/550","targetHints":{"allow":["GET"]}}],"collection":[{"href":"https:\/\/crrc-mng.com.tr\/en\/wp-json\/wp\/v2\/pages"}],"about":[{"href":"https:\/\/crrc-mng.com.tr\/en\/wp-json\/wp\/v2\/types\/page"}],"author":[{"embeddable":true,"href":"https:\/\/crrc-mng.com.tr\/en\/wp-json\/wp\/v2\/users\/1"}],"replies":[{"embeddable":true,"href":"https:\/\/crrc-mng.com.tr\/en\/wp-json\/wp\/v2\/comments?post=550"}],"version-history":[{"count":7,"href":"https:\/\/crrc-mng.com.tr\/en\/wp-json\/wp\/v2\/pages\/550\/revisions"}],"predecessor-version":[{"id":675,"href":"https:\/\/crrc-mng.com.tr\/en\/wp-json\/wp\/v2\/pages\/550\/revisions\/675"}],"wp:attachment":[{"href":"https:\/\/crrc-mng.com.tr\/en\/wp-json\/wp\/v2\/media?parent=550"}],"curies":[{"name":"wp","href":"https:\/\/api.w.org\/{rel}","templated":true}]}}