{"id":544,"date":"2026-03-26T20:41:36","date_gmt":"2026-03-26T20:41:36","guid":{"rendered":"https:\/\/crrc-mng.com.tr\/?page_id=544"},"modified":"2026-03-26T20:41:55","modified_gmt":"2026-03-26T20:41:55","slug":"85m-elektrikli-otobus","status":"publish","type":"page","link":"https:\/\/crrc-mng.com.tr\/en\/85m-elektrikli-otobus\/","title":{"rendered":"8,5M ELECTRIC BUS"},"content":{"rendered":"\t\t<div data-elementor-type=\"wp-page\" data-elementor-id=\"544\" class=\"elementor elementor-544\" data-elementor-post-type=\"page\">\n\t\t\t\t<div class=\"elementor-element elementor-element-7e064b87 e-flex e-con-boxed e-con e-parent\" data-id=\"7e064b87\" data-element_type=\"container\" data-e-type=\"container\" data-settings=\"{&quot;background_background&quot;:&quot;classic&quot;}\">\n\t\t\t\t\t<div class=\"e-con-inner\">\n\t\t<div class=\"elementor-element elementor-element-62da68a4 e-con-full e-flex e-con e-child\" data-id=\"62da68a4\" data-element_type=\"container\" data-e-type=\"container\">\n\t\t\t\t<div class=\"elementor-element elementor-element-2e9c925 elementor-widget__width-auto elementor-invisible elementor-widget elementor-widget-heading\" data-id=\"2e9c925\" data-element_type=\"widget\" data-e-type=\"widget\" data-settings=\"{&quot;_animation&quot;:&quot;fadeInLeft&quot;}\" data-widget_type=\"heading.default\">\n\t\t\t\t\t<h2 class=\"elementor-heading-title elementor-size-default\">8,5M ELEKTR\u0130KL\u0130 OTOB\u00dcS<\/h2>\t\t\t\t<\/div>\n\t\t\t\t<\/div>\n\t\t\t\t\t<\/div>\n\t\t\t\t<\/div>\n\t\t<div class=\"elementor-element elementor-element-7206b363 e-flex e-con-boxed e-con e-parent\" data-id=\"7206b363\" data-element_type=\"container\" data-e-type=\"container\" data-settings=\"{&quot;background_background&quot;:&quot;classic&quot;}\">\n\t\t\t\t\t<div class=\"e-con-inner\">\n\t\t<div class=\"elementor-element elementor-element-60820fa1 e-con-full e-flex e-con e-child\" data-id=\"60820fa1\" data-element_type=\"container\" data-e-type=\"container\" data-settings=\"{&quot;background_slideshow_gallery&quot;:[{&quot;id&quot;:499,&quot;url&quot;:&quot;https:\\\/\\\/crrc-mng.com.tr\\\/wp-content\\\/uploads\\\/2026\\\/03\\\/3.webp&quot;}],&quot;background_background&quot;:&quot;slideshow&quot;,&quot;background_slideshow_loop&quot;:&quot;yes&quot;,&quot;background_slideshow_slide_duration&quot;:5000,&quot;background_slideshow_slide_transition&quot;:&quot;fade&quot;,&quot;background_slideshow_transition_duration&quot;:500}\">\n\t\t\t\t<\/div>\n\t\t<div class=\"elementor-element elementor-element-7eb3c4ea e-con-full e-flex e-con e-child\" data-id=\"7eb3c4ea\" data-element_type=\"container\" data-e-type=\"container\">\n\t\t\t\t<div class=\"elementor-element elementor-element-63368fb9 elementor-widget elementor-widget-heading\" data-id=\"63368fb9\" data-element_type=\"widget\" data-e-type=\"widget\" data-widget_type=\"heading.default\">\n\t\t\t\t\t<h6 class=\"elementor-heading-title elementor-size-default\">8,5M ELEKTR\u0130KL\u0130 OTOB\u00dcS<\/h6>\t\t\t\t<\/div>\n\t\t\t\t<div class=\"elementor-element elementor-element-359ce83e elementor-widget elementor-widget-text-editor\" data-id=\"359ce83e\" data-element_type=\"widget\" data-e-type=\"widget\" data-widget_type=\"text-editor.default\">\n\t\t\t\t\t\t\t\t\t<p data-start=\"109\" data-end=\"400\">CRRC taraf\u0131ndan geli\u015ftirilen 8,5 metre elektrikli otob\u00fcs, dar \u015fehir yollar\u0131 ve d\u00fc\u015f\u00fck yo\u011funluklu hatlar i\u00e7in optimize edilmi\u015f kompakt ve verimli bir ula\u015f\u0131m \u00e7\u00f6z\u00fcm\u00fcd\u00fcr. K\u00fc\u00e7\u00fck boyutlar\u0131na ra\u011fmen y\u00fcksek yolcu kapasitesi sunan ara\u00e7, \u015fehir i\u00e7i ula\u015f\u0131mda esneklik ve ekonomik i\u015fletme avantaj\u0131 sa\u011flar.<\/p><p data-start=\"402\" data-end=\"595\">D\u00fc\u015f\u00fck tabanl\u0131 yap\u0131s\u0131 ile eri\u015filebilirli\u011fi art\u0131ran, geli\u015fmi\u015f elektrikli tahrik sistemi sayesinde sessiz ve \u00e7evreci bir s\u00fcr\u00fc\u015f sunan bu model, k\u0131sa ve orta mesafeli hatlar i\u00e7in ideal bir \u00e7\u00f6z\u00fcmd\u00fcr.<\/p>\t\t\t\t\t\t\t\t<\/div>\n\t\t<div class=\"elementor-element elementor-element-2ed5c530 e-con-full e-flex e-con e-child\" data-id=\"2ed5c530\" data-element_type=\"container\" data-e-type=\"container\">\n\t\t\t\t<div class=\"elementor-element elementor-element-6b7a290 elementor-widget elementor-widget-text-editor\" data-id=\"6b7a290\" data-element_type=\"widget\" data-e-type=\"widget\" data-widget_type=\"text-editor.default\">\n\t\t\t\t\t\t\t\t\t<p data-start=\"676\" data-end=\"1058\"><strong data-start=\"629\" data-end=\"654\">Boyutlar (U x G x Y):<\/strong> 8.490 x 2.420 x 3.300 mm<br data-start=\"679\" data-end=\"682\" \/><strong data-start=\"682\" data-end=\"706\">Bo\u015f \/ Azami A\u011f\u0131rl\u0131k:<\/strong> 9.500 kg \/ 14.500 kg<br data-start=\"727\" data-end=\"730\" \/><strong data-start=\"730\" data-end=\"747\">\u0130\u00e7 Y\u00fckseklik:<\/strong> 2.550 mm<br data-start=\"756\" data-end=\"759\" \/><strong data-start=\"759\" data-end=\"782\">Minimum D\u00f6n\u00fc\u015f \u00c7ap\u0131:<\/strong> 15,5 m<br data-start=\"789\" data-end=\"792\" \/><strong data-start=\"792\" data-end=\"807\">Zemin Tipi:<\/strong> D\u00fc\u015f\u00fck taban<br data-start=\"819\" data-end=\"822\" data-is-only-node=\"\" \/><strong data-start=\"822\" data-end=\"838\">Kap\u0131 D\u00fczeni:<\/strong> 1-2<br data-start=\"842\" data-end=\"845\" \/><strong data-start=\"845\" data-end=\"866\">Yolcu Kapasitesi:<\/strong> 59 ki\u015fi<br data-start=\"874\" data-end=\"877\" \/><strong data-start=\"877\" data-end=\"900\">Batarya Kapasitesi:<\/strong> 352 kWh<br data-start=\"908\" data-end=\"911\" \/><strong data-start=\"911\" data-end=\"926\">Motor G\u00fcc\u00fc:<\/strong> 100 kW (Maks. 200 kW)<br data-start=\"948\" data-end=\"951\" \/><strong data-start=\"951\" data-end=\"968\">Maksimum H\u0131z:<\/strong> 77 km\/s<br data-start=\"976\" data-end=\"979\" \/><strong data-start=\"979\" data-end=\"990\">Menzil:<\/strong> 400 km<\/p>\t\t\t\t\t\t\t\t<\/div>\n\t\t\t\t<\/div>\n\t\t\t\t<\/div>\n\t\t\t\t\t<\/div>\n\t\t\t\t<\/div>\n\t\t\t\t<\/div>\n\t\t","protected":false},"excerpt":{"rendered":"<p>8,5M ELEKTR\u0130KL\u0130 OTOB\u00dcS CRRC taraf\u0131ndan geli\u015ftirilen 8,5 metre elektrikli otob\u00fcs, dar \u015fehir yollar\u0131 ve d\u00fc\u015f\u00fck yo\u011funluklu hatlar i\u00e7in optimize edilmi\u015f kompakt ve verimli bir ula\u015f\u0131m \u00e7\u00f6z\u00fcm\u00fcd\u00fcr. K\u00fc\u00e7\u00fck boyutlar\u0131na ra\u011fmen y\u00fcksek yolcu kapasitesi sunan ara\u00e7, \u015fehir i\u00e7i ula\u015f\u0131mda esneklik ve ekonomik i\u015fletme avantaj\u0131 sa\u011flar. D\u00fc\u015f\u00fck tabanl\u0131 yap\u0131s\u0131 ile eri\u015filebilirli\u011fi art\u0131ran, geli\u015fmi\u015f elektrikli tahrik sistemi sayesinde sessiz [&hellip;]<\/p>\n","protected":false},"author":1,"featured_media":0,"parent":0,"menu_order":0,"comment_status":"closed","ping_status":"closed","template":"elementor_header_footer","meta":{"footnotes":""},"class_list":["post-544","page","type-page","status-publish","hentry"],"_links":{"self":[{"href":"https:\/\/crrc-mng.com.tr\/en\/wp-json\/wp\/v2\/pages\/544","targetHints":{"allow":["GET"]}}],"collection":[{"href":"https:\/\/crrc-mng.com.tr\/en\/wp-json\/wp\/v2\/pages"}],"about":[{"href":"https:\/\/crrc-mng.com.tr\/en\/wp-json\/wp\/v2\/types\/page"}],"author":[{"embeddable":true,"href":"https:\/\/crrc-mng.com.tr\/en\/wp-json\/wp\/v2\/users\/1"}],"replies":[{"embeddable":true,"href":"https:\/\/crrc-mng.com.tr\/en\/wp-json\/wp\/v2\/comments?post=544"}],"version-history":[{"count":4,"href":"https:\/\/crrc-mng.com.tr\/en\/wp-json\/wp\/v2\/pages\/544\/revisions"}],"predecessor-version":[{"id":549,"href":"https:\/\/crrc-mng.com.tr\/en\/wp-json\/wp\/v2\/pages\/544\/revisions\/549"}],"wp:attachment":[{"href":"https:\/\/crrc-mng.com.tr\/en\/wp-json\/wp\/v2\/media?parent=544"}],"curies":[{"name":"wp","href":"https:\/\/api.w.org\/{rel}","templated":true}]}}