{"id":535,"date":"2026-03-26T20:16:22","date_gmt":"2026-03-26T20:16:22","guid":{"rendered":"https:\/\/crrc-mng.com.tr\/?page_id=535"},"modified":"2026-03-26T20:22:54","modified_gmt":"2026-03-26T20:22:54","slug":"12m-elektrikli-otobus","status":"publish","type":"page","link":"https:\/\/crrc-mng.com.tr\/en\/12m-elektrikli-otobus\/","title":{"rendered":"12M ELECTRIC BUS"},"content":{"rendered":"\t\t<div data-elementor-type=\"wp-page\" data-elementor-id=\"535\" class=\"elementor elementor-535\" data-elementor-post-type=\"page\">\n\t\t\t\t<div class=\"elementor-element elementor-element-7e064b87 e-flex e-con-boxed e-con e-parent\" data-id=\"7e064b87\" data-element_type=\"container\" data-e-type=\"container\" data-settings=\"{&quot;background_background&quot;:&quot;classic&quot;}\">\n\t\t\t\t\t<div class=\"e-con-inner\">\n\t\t<div class=\"elementor-element elementor-element-62da68a4 e-con-full e-flex e-con e-child\" data-id=\"62da68a4\" data-element_type=\"container\" data-e-type=\"container\">\n\t\t\t\t<div class=\"elementor-element elementor-element-2e9c925 elementor-widget__width-auto elementor-invisible elementor-widget elementor-widget-heading\" data-id=\"2e9c925\" data-element_type=\"widget\" data-e-type=\"widget\" data-settings=\"{&quot;_animation&quot;:&quot;fadeInLeft&quot;}\" data-widget_type=\"heading.default\">\n\t\t\t\t\t<h2 class=\"elementor-heading-title elementor-size-default\">12M ELEKTR\u0130KL\u0130 OTOB\u00dcS<\/h2>\t\t\t\t<\/div>\n\t\t\t\t<\/div>\n\t\t\t\t\t<\/div>\n\t\t\t\t<\/div>\n\t\t<div class=\"elementor-element elementor-element-7206b363 e-flex e-con-boxed e-con e-parent\" data-id=\"7206b363\" data-element_type=\"container\" data-e-type=\"container\" data-settings=\"{&quot;background_background&quot;:&quot;classic&quot;}\">\n\t\t\t\t\t<div class=\"e-con-inner\">\n\t\t<div class=\"elementor-element elementor-element-60820fa1 e-con-full e-flex e-con e-child\" data-id=\"60820fa1\" data-element_type=\"container\" data-e-type=\"container\" data-settings=\"{&quot;background_slideshow_gallery&quot;:[{&quot;id&quot;:500,&quot;url&quot;:&quot;https:\\\/\\\/crrc-mng.com.tr\\\/wp-content\\\/uploads\\\/2026\\\/03\\\/4.webp&quot;}],&quot;background_background&quot;:&quot;slideshow&quot;,&quot;background_slideshow_loop&quot;:&quot;yes&quot;,&quot;background_slideshow_slide_duration&quot;:5000,&quot;background_slideshow_slide_transition&quot;:&quot;fade&quot;,&quot;background_slideshow_transition_duration&quot;:500}\">\n\t\t\t\t<\/div>\n\t\t<div class=\"elementor-element elementor-element-7eb3c4ea e-con-full e-flex e-con e-child\" data-id=\"7eb3c4ea\" data-element_type=\"container\" data-e-type=\"container\">\n\t\t\t\t<div class=\"elementor-element elementor-element-63368fb9 elementor-widget elementor-widget-heading\" data-id=\"63368fb9\" data-element_type=\"widget\" data-e-type=\"widget\" data-widget_type=\"heading.default\">\n\t\t\t\t\t<h6 class=\"elementor-heading-title elementor-size-default\">12M ELEKTR\u0130KL\u0130 OTOB\u00dcS<\/h6>\t\t\t\t<\/div>\n\t\t\t\t<div class=\"elementor-element elementor-element-359ce83e elementor-widget elementor-widget-text-editor\" data-id=\"359ce83e\" data-element_type=\"widget\" data-e-type=\"widget\" data-widget_type=\"text-editor.default\">\n\t\t\t\t\t\t\t\t\t<p data-start=\"108\" data-end=\"376\">CRRC taraf\u0131ndan geli\u015ftirilen 12 metre elektrikli otob\u00fcs, \u015fehir i\u00e7i toplu ta\u015f\u0131mada denge, verimlilik ve konforu bir araya getiren ideal bir ula\u015f\u0131m \u00e7\u00f6z\u00fcm\u00fcd\u00fcr. Standart \u015fehir hatlar\u0131na uygun yap\u0131s\u0131 sayesinde hem yo\u011fun hem de orta yo\u011funluklu hatlarda etkin kullan\u0131m sunar.<\/p><p data-start=\"378\" data-end=\"615\">D\u00fc\u015f\u00fck tabanl\u0131 tasar\u0131m\u0131 ile h\u0131zl\u0131 yolcu ini\u015f-bini\u015f imk\u00e2n\u0131 sa\u011flayan ara\u00e7, geli\u015fmi\u015f elektrikli tahrik sistemi ve g\u00fc\u00e7l\u00fc batarya yap\u0131s\u0131 sayesinde uzun menzil ve d\u00fc\u015f\u00fck i\u015fletme maliyetleri sunarak s\u00fcrd\u00fcr\u00fclebilir ula\u015f\u0131m \u00e7\u00f6z\u00fcmlerine katk\u0131 sa\u011flar.<\/p>\t\t\t\t\t\t\t\t<\/div>\n\t\t<div class=\"elementor-element elementor-element-2ed5c530 e-con-full e-flex e-con e-child\" data-id=\"2ed5c530\" data-element_type=\"container\" data-e-type=\"container\">\n\t\t\t\t<div class=\"elementor-element elementor-element-6b7a290 elementor-widget elementor-widget-text-editor\" data-id=\"6b7a290\" data-element_type=\"widget\" data-e-type=\"widget\" data-widget_type=\"text-editor.default\">\n\t\t\t\t\t\t\t\t\t<p data-start=\"676\" data-end=\"1058\"><strong data-start=\"649\" data-end=\"674\">Boyutlar (U x G x Y):<\/strong> 12.190 x 2.540 x 3.350 mm<br data-start=\"700\" data-end=\"703\" \/><strong data-start=\"703\" data-end=\"727\">Bo\u015f \/ Azami A\u011f\u0131rl\u0131k:<\/strong> 13.400 kg \/ 19.000 kg<br data-start=\"749\" data-end=\"752\" \/><strong data-start=\"752\" data-end=\"769\">\u0130\u00e7 Y\u00fckseklik:<\/strong> 2.450 mm<br data-start=\"778\" data-end=\"781\" \/><strong data-start=\"781\" data-end=\"804\">Minimum D\u00f6n\u00fc\u015f \u00c7ap\u0131:<\/strong> 17,67 m<br data-start=\"812\" data-end=\"815\" \/><strong data-start=\"815\" data-end=\"830\">Zemin Tipi:<\/strong> D\u00fc\u015f\u00fck taban<br data-start=\"842\" data-end=\"845\" data-is-only-node=\"\" \/><strong data-start=\"845\" data-end=\"861\">Kap\u0131 D\u00fczeni:<\/strong> 2-2-2<br data-start=\"867\" data-end=\"870\" \/><strong data-start=\"870\" data-end=\"891\">Yolcu Kapasitesi:<\/strong> 81 ki\u015fi<br data-start=\"899\" data-end=\"902\" \/><strong data-start=\"902\" data-end=\"925\">Batarya Kapasitesi:<\/strong> 523 kWh<br data-start=\"933\" data-end=\"936\" \/><strong data-start=\"936\" data-end=\"951\">Motor G\u00fcc\u00fc:<\/strong> 180 kW (Maks. 350 kW)<br data-start=\"973\" data-end=\"976\" \/><strong data-start=\"976\" data-end=\"993\">Maksimum H\u0131z:<\/strong> 84,9 km\/s<br data-start=\"1003\" data-end=\"1006\" \/><strong data-start=\"1006\" data-end=\"1017\">Menzil:<\/strong> 400 km<\/p>\t\t\t\t\t\t\t\t<\/div>\n\t\t\t\t<\/div>\n\t\t\t\t<\/div>\n\t\t\t\t\t<\/div>\n\t\t\t\t<\/div>\n\t\t\t\t<\/div>\n\t\t","protected":false},"excerpt":{"rendered":"<p>12M ELEKTR\u0130KL\u0130 OTOB\u00dcS CRRC taraf\u0131ndan geli\u015ftirilen 12 metre elektrikli otob\u00fcs, \u015fehir i\u00e7i toplu ta\u015f\u0131mada denge, verimlilik ve konforu bir araya getiren ideal bir ula\u015f\u0131m \u00e7\u00f6z\u00fcm\u00fcd\u00fcr. Standart \u015fehir hatlar\u0131na uygun yap\u0131s\u0131 sayesinde hem yo\u011fun hem de orta yo\u011funluklu hatlarda etkin kullan\u0131m sunar. D\u00fc\u015f\u00fck tabanl\u0131 tasar\u0131m\u0131 ile h\u0131zl\u0131 yolcu ini\u015f-bini\u015f imk\u00e2n\u0131 sa\u011flayan ara\u00e7, geli\u015fmi\u015f elektrikli tahrik sistemi [&hellip;]<\/p>\n","protected":false},"author":1,"featured_media":0,"parent":0,"menu_order":0,"comment_status":"closed","ping_status":"closed","template":"elementor_header_footer","meta":{"footnotes":""},"class_list":["post-535","page","type-page","status-publish","hentry"],"_links":{"self":[{"href":"https:\/\/crrc-mng.com.tr\/en\/wp-json\/wp\/v2\/pages\/535","targetHints":{"allow":["GET"]}}],"collection":[{"href":"https:\/\/crrc-mng.com.tr\/en\/wp-json\/wp\/v2\/pages"}],"about":[{"href":"https:\/\/crrc-mng.com.tr\/en\/wp-json\/wp\/v2\/types\/page"}],"author":[{"embeddable":true,"href":"https:\/\/crrc-mng.com.tr\/en\/wp-json\/wp\/v2\/users\/1"}],"replies":[{"embeddable":true,"href":"https:\/\/crrc-mng.com.tr\/en\/wp-json\/wp\/v2\/comments?post=535"}],"version-history":[{"count":7,"href":"https:\/\/crrc-mng.com.tr\/en\/wp-json\/wp\/v2\/pages\/535\/revisions"}],"predecessor-version":[{"id":543,"href":"https:\/\/crrc-mng.com.tr\/en\/wp-json\/wp\/v2\/pages\/535\/revisions\/543"}],"wp:attachment":[{"href":"https:\/\/crrc-mng.com.tr\/en\/wp-json\/wp\/v2\/media?parent=535"}],"curies":[{"name":"wp","href":"https:\/\/api.w.org\/{rel}","templated":true}]}}