{"id":525,"date":"2026-03-26T20:02:50","date_gmt":"2026-03-26T20:02:50","guid":{"rendered":"https:\/\/crrc-mng.com.tr\/?page_id=525"},"modified":"2026-03-26T20:11:15","modified_gmt":"2026-03-26T20:11:15","slug":"13m-elektrikli-otobus","status":"publish","type":"page","link":"https:\/\/crrc-mng.com.tr\/en\/13m-elektrikli-otobus\/","title":{"rendered":"13M ELECTRIC BUS"},"content":{"rendered":"\t\t<div data-elementor-type=\"wp-page\" data-elementor-id=\"525\" class=\"elementor elementor-525\" data-elementor-post-type=\"page\">\n\t\t\t\t<div class=\"elementor-element elementor-element-7e064b87 e-flex e-con-boxed e-con e-parent\" data-id=\"7e064b87\" data-element_type=\"container\" data-e-type=\"container\" data-settings=\"{&quot;background_background&quot;:&quot;classic&quot;}\">\n\t\t\t\t\t<div class=\"e-con-inner\">\n\t\t<div class=\"elementor-element elementor-element-62da68a4 e-con-full e-flex e-con e-child\" data-id=\"62da68a4\" data-element_type=\"container\" data-e-type=\"container\">\n\t\t\t\t<div class=\"elementor-element elementor-element-2e9c925 elementor-widget__width-auto elementor-invisible elementor-widget elementor-widget-heading\" data-id=\"2e9c925\" data-element_type=\"widget\" data-e-type=\"widget\" data-settings=\"{&quot;_animation&quot;:&quot;fadeInLeft&quot;}\" data-widget_type=\"heading.default\">\n\t\t\t\t\t<h2 class=\"elementor-heading-title elementor-size-default\">13M ELEKTR\u0130KL\u0130 OTOB\u00dcS<\/h2>\t\t\t\t<\/div>\n\t\t\t\t<\/div>\n\t\t\t\t\t<\/div>\n\t\t\t\t<\/div>\n\t\t<div class=\"elementor-element elementor-element-7206b363 e-flex e-con-boxed e-con e-parent\" data-id=\"7206b363\" data-element_type=\"container\" data-e-type=\"container\" data-settings=\"{&quot;background_background&quot;:&quot;classic&quot;}\">\n\t\t\t\t\t<div class=\"e-con-inner\">\n\t\t<div class=\"elementor-element elementor-element-60820fa1 e-con-full e-flex e-con e-child\" data-id=\"60820fa1\" data-element_type=\"container\" data-e-type=\"container\" data-settings=\"{&quot;background_slideshow_gallery&quot;:[{&quot;id&quot;:527,&quot;url&quot;:&quot;https:\\\/\\\/crrc-mng.com.tr\\\/wp-content\\\/uploads\\\/2026\\\/03\\\/13METRE.webp&quot;}],&quot;background_background&quot;:&quot;slideshow&quot;,&quot;background_slideshow_loop&quot;:&quot;yes&quot;,&quot;background_slideshow_slide_duration&quot;:5000,&quot;background_slideshow_slide_transition&quot;:&quot;fade&quot;,&quot;background_slideshow_transition_duration&quot;:500}\">\n\t\t\t\t<\/div>\n\t\t<div class=\"elementor-element elementor-element-7eb3c4ea e-con-full e-flex e-con e-child\" data-id=\"7eb3c4ea\" data-element_type=\"container\" data-e-type=\"container\">\n\t\t\t\t<div class=\"elementor-element elementor-element-63368fb9 elementor-widget elementor-widget-heading\" data-id=\"63368fb9\" data-element_type=\"widget\" data-e-type=\"widget\" data-widget_type=\"heading.default\">\n\t\t\t\t\t<h6 class=\"elementor-heading-title elementor-size-default\">13M ELEKTR\u0130KL\u0130 OTOB\u00dcS<\/h6>\t\t\t\t<\/div>\n\t\t\t\t<div class=\"elementor-element elementor-element-359ce83e elementor-widget elementor-widget-text-editor\" data-id=\"359ce83e\" data-element_type=\"widget\" data-e-type=\"widget\" data-widget_type=\"text-editor.default\">\n\t\t\t\t\t\t\t\t\t<p data-start=\"114\" data-end=\"450\">CRRC taraf\u0131ndan geli\u015ftirilen 13 metre elektrikli otob\u00fcs, \u015fehir i\u00e7i toplu ta\u015f\u0131mada verimlilik, konfor ve enerji tasarrufunu bir araya getiren modern bir ula\u015f\u0131m \u00e7\u00f6z\u00fcm\u00fcd\u00fcr. Kompakt yap\u0131s\u0131 sayesinde dar \u015fehir hatlar\u0131nda y\u00fcksek manevra kabiliyeti sunarken, optimize edilmi\u015f yolcu kapasitesi ile dengeli ve ekonomik bir i\u015fletme imk\u00e2n\u0131 sa\u011flar.<\/p><p data-start=\"452\" data-end=\"642\">Geli\u015fmi\u015f elektrikli tahrik sistemi ve g\u00fc\u00e7l\u00fc batarya teknolojisi ile uzun menzil sunan ara\u00e7, d\u00fc\u015f\u00fck emisyon ve d\u00fc\u015f\u00fck i\u015fletme maliyetleri ile s\u00fcrd\u00fcr\u00fclebilir \u015fehir ula\u015f\u0131m\u0131na katk\u0131 sa\u011flamaktad\u0131r.<\/p>\t\t\t\t\t\t\t\t<\/div>\n\t\t<div class=\"elementor-element elementor-element-2ed5c530 e-con-full e-flex e-con e-child\" data-id=\"2ed5c530\" data-element_type=\"container\" data-e-type=\"container\">\n\t\t\t\t<div class=\"elementor-element elementor-element-6b7a290 elementor-widget elementor-widget-text-editor\" data-id=\"6b7a290\" data-element_type=\"widget\" data-e-type=\"widget\" data-widget_type=\"text-editor.default\">\n\t\t\t\t\t\t\t\t\t<p data-start=\"676\" data-end=\"1058\"><strong data-start=\"676\" data-end=\"701\">Boyutlar (U x G x Y):<\/strong> 10.480 x 2.500 x 3.360 mm<br data-start=\"727\" data-end=\"730\" \/><strong data-start=\"730\" data-end=\"754\">Bo\u015f \/ Azami A\u011f\u0131rl\u0131k:<\/strong> 11.600 kg \/ 18.000 kg<br data-start=\"776\" data-end=\"779\" \/><strong data-start=\"779\" data-end=\"796\">\u0130\u00e7 Y\u00fckseklik:<\/strong> 2.450 mm<br data-start=\"805\" data-end=\"808\" \/><strong data-start=\"808\" data-end=\"831\">Minimum D\u00f6n\u00fc\u015f \u00c7ap\u0131:<\/strong> 16 m<br data-start=\"836\" data-end=\"839\" \/><strong data-start=\"839\" data-end=\"854\">Zemin Tipi:<\/strong> D\u00fc\u015f\u00fck giri\u015f<br data-start=\"866\" data-end=\"869\" data-is-only-node=\"\" \/><strong data-start=\"869\" data-end=\"885\">Kap\u0131 D\u00fczeni:<\/strong> 2-2<br data-start=\"889\" data-end=\"892\" \/><strong data-start=\"892\" data-end=\"913\">Yolcu Kapasitesi:<\/strong> 92 ki\u015fi<br data-start=\"921\" data-end=\"924\" \/><strong data-start=\"924\" data-end=\"947\">Batarya Kapasitesi:<\/strong> 255 \u2013 310 kWh<br data-start=\"961\" data-end=\"964\" \/><strong data-start=\"964\" data-end=\"979\">Motor G\u00fcc\u00fc:<\/strong> 120 kW (Maks. 240 kW)<br data-start=\"1001\" data-end=\"1004\" \/><strong data-start=\"1004\" data-end=\"1021\">Maksimum H\u0131z:<\/strong> 69 km\/s<br data-start=\"1029\" data-end=\"1032\" \/><strong data-start=\"1032\" data-end=\"1043\">Menzil:<\/strong> 403 \u2013 491 km<\/p>\t\t\t\t\t\t\t\t<\/div>\n\t\t\t\t<\/div>\n\t\t\t\t<\/div>\n\t\t\t\t\t<\/div>\n\t\t\t\t<\/div>\n\t\t\t\t<\/div>\n\t\t","protected":false},"excerpt":{"rendered":"<p>13M ELEKTR\u0130KL\u0130 OTOB\u00dcS CRRC taraf\u0131ndan geli\u015ftirilen 13 metre elektrikli otob\u00fcs, \u015fehir i\u00e7i toplu ta\u015f\u0131mada verimlilik, konfor ve enerji tasarrufunu bir araya getiren modern bir ula\u015f\u0131m \u00e7\u00f6z\u00fcm\u00fcd\u00fcr. Kompakt yap\u0131s\u0131 sayesinde dar \u015fehir hatlar\u0131nda y\u00fcksek manevra kabiliyeti sunarken, optimize edilmi\u015f yolcu kapasitesi ile dengeli ve ekonomik bir i\u015fletme imk\u00e2n\u0131 sa\u011flar. Geli\u015fmi\u015f elektrikli tahrik sistemi ve g\u00fc\u00e7l\u00fc batarya [&hellip;]<\/p>\n","protected":false},"author":1,"featured_media":0,"parent":0,"menu_order":0,"comment_status":"closed","ping_status":"closed","template":"elementor_header_footer","meta":{"footnotes":""},"class_list":["post-525","page","type-page","status-publish","hentry"],"_links":{"self":[{"href":"https:\/\/crrc-mng.com.tr\/en\/wp-json\/wp\/v2\/pages\/525","targetHints":{"allow":["GET"]}}],"collection":[{"href":"https:\/\/crrc-mng.com.tr\/en\/wp-json\/wp\/v2\/pages"}],"about":[{"href":"https:\/\/crrc-mng.com.tr\/en\/wp-json\/wp\/v2\/types\/page"}],"author":[{"embeddable":true,"href":"https:\/\/crrc-mng.com.tr\/en\/wp-json\/wp\/v2\/users\/1"}],"replies":[{"embeddable":true,"href":"https:\/\/crrc-mng.com.tr\/en\/wp-json\/wp\/v2\/comments?post=525"}],"version-history":[{"count":7,"href":"https:\/\/crrc-mng.com.tr\/en\/wp-json\/wp\/v2\/pages\/525\/revisions"}],"predecessor-version":[{"id":534,"href":"https:\/\/crrc-mng.com.tr\/en\/wp-json\/wp\/v2\/pages\/525\/revisions\/534"}],"wp:attachment":[{"href":"https:\/\/crrc-mng.com.tr\/en\/wp-json\/wp\/v2\/media?parent=525"}],"curies":[{"name":"wp","href":"https:\/\/api.w.org\/{rel}","templated":true}]}}