{"id":517,"date":"2026-03-26T19:51:13","date_gmt":"2026-03-26T19:51:13","guid":{"rendered":"https:\/\/crrc-mng.com.tr\/?page_id=517"},"modified":"2026-03-26T19:52:09","modified_gmt":"2026-03-26T19:52:09","slug":"15m-elektrikli-otobus","status":"publish","type":"page","link":"https:\/\/crrc-mng.com.tr\/en\/15m-elektrikli-otobus\/","title":{"rendered":"15M ELECTRIC BUS"},"content":{"rendered":"\t\t<div data-elementor-type=\"wp-page\" data-elementor-id=\"517\" class=\"elementor elementor-517\" data-elementor-post-type=\"page\">\n\t\t\t\t<div class=\"elementor-element elementor-element-7e064b87 e-flex e-con-boxed e-con e-parent\" data-id=\"7e064b87\" data-element_type=\"container\" data-e-type=\"container\" data-settings=\"{&quot;background_background&quot;:&quot;classic&quot;}\">\n\t\t\t\t\t<div class=\"e-con-inner\">\n\t\t<div class=\"elementor-element elementor-element-62da68a4 e-con-full e-flex e-con e-child\" data-id=\"62da68a4\" data-element_type=\"container\" data-e-type=\"container\">\n\t\t\t\t<div class=\"elementor-element elementor-element-2e9c925 elementor-widget__width-auto elementor-invisible elementor-widget elementor-widget-heading\" data-id=\"2e9c925\" data-element_type=\"widget\" data-e-type=\"widget\" data-settings=\"{&quot;_animation&quot;:&quot;fadeInLeft&quot;}\" data-widget_type=\"heading.default\">\n\t\t\t\t\t<h2 class=\"elementor-heading-title elementor-size-default\">15M ELEKTR\u0130KL\u0130 OTOB\u00dcS<\/h2>\t\t\t\t<\/div>\n\t\t\t\t<\/div>\n\t\t\t\t\t<\/div>\n\t\t\t\t<\/div>\n\t\t<div class=\"elementor-element elementor-element-7206b363 e-flex e-con-boxed e-con e-parent\" data-id=\"7206b363\" data-element_type=\"container\" data-e-type=\"container\" data-settings=\"{&quot;background_background&quot;:&quot;classic&quot;}\">\n\t\t\t\t\t<div class=\"e-con-inner\">\n\t\t<div class=\"elementor-element elementor-element-60820fa1 e-con-full e-flex e-con e-child\" data-id=\"60820fa1\" data-element_type=\"container\" data-e-type=\"container\" data-settings=\"{&quot;background_slideshow_gallery&quot;:[{&quot;id&quot;:521,&quot;url&quot;:&quot;https:\\\/\\\/crrc-mng.com.tr\\\/wp-content\\\/uploads\\\/2026\\\/03\\\/OSBUSS13S-1.webp&quot;}],&quot;background_background&quot;:&quot;slideshow&quot;,&quot;background_slideshow_loop&quot;:&quot;yes&quot;,&quot;background_slideshow_slide_duration&quot;:5000,&quot;background_slideshow_slide_transition&quot;:&quot;fade&quot;,&quot;background_slideshow_transition_duration&quot;:500}\">\n\t\t\t\t<\/div>\n\t\t<div class=\"elementor-element elementor-element-7eb3c4ea e-con-full e-flex e-con e-child\" data-id=\"7eb3c4ea\" data-element_type=\"container\" data-e-type=\"container\">\n\t\t\t\t<div class=\"elementor-element elementor-element-63368fb9 elementor-widget elementor-widget-heading\" data-id=\"63368fb9\" data-element_type=\"widget\" data-e-type=\"widget\" data-widget_type=\"heading.default\">\n\t\t\t\t\t<h6 class=\"elementor-heading-title elementor-size-default\">15M ELEKTR\u0130KL\u0130 OTOB\u00dcS<\/h6>\t\t\t\t<\/div>\n\t\t\t\t<div class=\"elementor-element elementor-element-359ce83e elementor-widget elementor-widget-text-editor\" data-id=\"359ce83e\" data-element_type=\"widget\" data-e-type=\"widget\" data-widget_type=\"text-editor.default\">\n\t\t\t\t\t\t\t\t\t<p data-start=\"124\" data-end=\"472\">CRRC taraf\u0131ndan geli\u015ftirilen 15 metre elektrikli otob\u00fcs, \u015fehir i\u00e7i toplu ta\u015f\u0131mada y\u00fcksek kapasite, enerji verimlili\u011fi ve konforu bir araya getiren modern bir ula\u015f\u0131m \u00e7\u00f6z\u00fcm\u00fcd\u00fcr. Geni\u015f i\u00e7 hacmi ve optimize edilmi\u015f tasar\u0131m\u0131 sayesinde yo\u011fun hatlarda verimli kullan\u0131m sa\u011flarken, d\u00fc\u015f\u00fck tabanl\u0131 yap\u0131s\u0131 ile h\u0131zl\u0131 yolcu sirk\u00fclasyonu ve eri\u015filebilirlik sunar.<\/p><p data-start=\"474\" data-end=\"681\">G\u00fc\u00e7l\u00fc batarya sistemi ve geli\u015fmi\u015f elektrikli tahrik teknolojisi sayesinde uzun menzil ve d\u00fc\u015f\u00fck i\u015fletme maliyetleri sa\u011flayan ara\u00e7, \u015fehir i\u00e7i ula\u015f\u0131mda s\u00fcrd\u00fcr\u00fclebilir ve ekonomik bir alternatif olu\u015fturmaktad\u0131r.<\/p>\t\t\t\t\t\t\t\t<\/div>\n\t\t<div class=\"elementor-element elementor-element-2ed5c530 e-con-full e-flex e-con e-child\" data-id=\"2ed5c530\" data-element_type=\"container\" data-e-type=\"container\">\n\t\t\t\t<div class=\"elementor-element elementor-element-6b7a290 elementor-widget elementor-widget-text-editor\" data-id=\"6b7a290\" data-element_type=\"widget\" data-e-type=\"widget\" data-widget_type=\"text-editor.default\">\n\t\t\t\t\t\t\t\t\t<p data-start=\"57\" data-end=\"620\"><strong data-start=\"58\" data-end=\"83\">Boyutlar (U x G x Y):<\/strong> 14.850 x 2.550 x 3.300 mm<br data-start=\"109\" data-end=\"112\" \/><strong data-start=\"112\" data-end=\"136\">Bo\u015f \/ Azami A\u011f\u0131rl\u0131k:<\/strong> 19.500 kg \/ 26.000 kg<br data-start=\"158\" data-end=\"161\" data-is-only-node=\"\" \/><strong data-start=\"161\" data-end=\"178\">\u0130\u00e7 Y\u00fckseklik:<\/strong> 2.450 mm<br data-start=\"187\" data-end=\"190\" \/><strong data-start=\"190\" data-end=\"213\">Minimum D\u00f6n\u00fc\u015f \u00c7ap\u0131:<\/strong> 20,4 m<br data-start=\"220\" data-end=\"223\" \/><strong data-start=\"223\" data-end=\"238\">Zemin Tipi:<\/strong> D\u00fc\u015f\u00fck giri\u015f<br data-start=\"250\" data-end=\"253\" \/><strong data-start=\"253\" data-end=\"269\">Kap\u0131 D\u00fczeni:<\/strong> 1-2<br data-start=\"273\" data-end=\"276\" \/><strong data-start=\"276\" data-end=\"297\">Yolcu Kapasitesi:<\/strong> 90 ki\u015fi<br data-start=\"305\" data-end=\"308\" \/><strong data-start=\"308\" data-end=\"331\">Batarya Kapasitesi:<\/strong> 704 kWh<br data-start=\"339\" data-end=\"342\" \/><strong data-start=\"342\" data-end=\"357\">Motor G\u00fcc\u00fc:<\/strong> 180 kW (Maks. 350 kW)<br data-start=\"379\" data-end=\"382\" \/><strong data-start=\"382\" data-end=\"399\">Maksimum H\u0131z:<\/strong> 93,3 km\/s<br data-start=\"409\" data-end=\"412\" \/><strong data-start=\"412\" data-end=\"423\">Menzil:<\/strong> 500 km<\/p>\t\t\t\t\t\t\t\t<\/div>\n\t\t\t\t<\/div>\n\t\t\t\t<\/div>\n\t\t\t\t\t<\/div>\n\t\t\t\t<\/div>\n\t\t\t\t<\/div>\n\t\t","protected":false},"excerpt":{"rendered":"<p>15M ELEKTR\u0130KL\u0130 OTOB\u00dcS CRRC taraf\u0131ndan geli\u015ftirilen 15 metre elektrikli otob\u00fcs, \u015fehir i\u00e7i toplu ta\u015f\u0131mada y\u00fcksek kapasite, enerji verimlili\u011fi ve konforu bir araya getiren modern bir ula\u015f\u0131m \u00e7\u00f6z\u00fcm\u00fcd\u00fcr. Geni\u015f i\u00e7 hacmi ve optimize edilmi\u015f tasar\u0131m\u0131 sayesinde yo\u011fun hatlarda verimli kullan\u0131m sa\u011flarken, d\u00fc\u015f\u00fck tabanl\u0131 yap\u0131s\u0131 ile h\u0131zl\u0131 yolcu sirk\u00fclasyonu ve eri\u015filebilirlik sunar. G\u00fc\u00e7l\u00fc batarya sistemi ve geli\u015fmi\u015f [&hellip;]<\/p>\n","protected":false},"author":1,"featured_media":0,"parent":0,"menu_order":0,"comment_status":"closed","ping_status":"closed","template":"elementor_header_footer","meta":{"footnotes":""},"class_list":["post-517","page","type-page","status-publish","hentry"],"_links":{"self":[{"href":"https:\/\/crrc-mng.com.tr\/en\/wp-json\/wp\/v2\/pages\/517","targetHints":{"allow":["GET"]}}],"collection":[{"href":"https:\/\/crrc-mng.com.tr\/en\/wp-json\/wp\/v2\/pages"}],"about":[{"href":"https:\/\/crrc-mng.com.tr\/en\/wp-json\/wp\/v2\/types\/page"}],"author":[{"embeddable":true,"href":"https:\/\/crrc-mng.com.tr\/en\/wp-json\/wp\/v2\/users\/1"}],"replies":[{"embeddable":true,"href":"https:\/\/crrc-mng.com.tr\/en\/wp-json\/wp\/v2\/comments?post=517"}],"version-history":[{"count":4,"href":"https:\/\/crrc-mng.com.tr\/en\/wp-json\/wp\/v2\/pages\/517\/revisions"}],"predecessor-version":[{"id":524,"href":"https:\/\/crrc-mng.com.tr\/en\/wp-json\/wp\/v2\/pages\/517\/revisions\/524"}],"wp:attachment":[{"href":"https:\/\/crrc-mng.com.tr\/en\/wp-json\/wp\/v2\/media?parent=517"}],"curies":[{"name":"wp","href":"https:\/\/api.w.org\/{rel}","templated":true}]}}