{"id":508,"date":"2026-03-26T19:37:44","date_gmt":"2026-03-26T19:37:44","guid":{"rendered":"https:\/\/crrc-mng.com.tr\/?page_id=508"},"modified":"2026-03-26T19:40:21","modified_gmt":"2026-03-26T19:40:21","slug":"18m-elektrikli-otobus","status":"publish","type":"page","link":"https:\/\/crrc-mng.com.tr\/en\/18m-elektrikli-otobus\/","title":{"rendered":"18M ELECTRIC BUS"},"content":{"rendered":"\t\t<div data-elementor-type=\"wp-page\" data-elementor-id=\"508\" class=\"elementor elementor-508\" data-elementor-post-type=\"page\">\n\t\t\t\t<div class=\"elementor-element elementor-element-7e064b87 e-flex e-con-boxed e-con e-parent\" data-id=\"7e064b87\" data-element_type=\"container\" data-e-type=\"container\" data-settings=\"{&quot;background_background&quot;:&quot;classic&quot;}\">\n\t\t\t\t\t<div class=\"e-con-inner\">\n\t\t<div class=\"elementor-element elementor-element-62da68a4 e-con-full e-flex e-con e-child\" data-id=\"62da68a4\" data-element_type=\"container\" data-e-type=\"container\">\n\t\t\t\t<div class=\"elementor-element elementor-element-2e9c925 elementor-widget__width-auto elementor-invisible elementor-widget elementor-widget-heading\" data-id=\"2e9c925\" data-element_type=\"widget\" data-e-type=\"widget\" data-settings=\"{&quot;_animation&quot;:&quot;fadeInLeft&quot;}\" data-widget_type=\"heading.default\">\n\t\t\t\t\t<h2 class=\"elementor-heading-title elementor-size-default\">18M ELEKTR\u0130KL\u0130 OTOB\u00dcS<\/h2>\t\t\t\t<\/div>\n\t\t\t\t<\/div>\n\t\t\t\t\t<\/div>\n\t\t\t\t<\/div>\n\t\t<div class=\"elementor-element elementor-element-7206b363 e-flex e-con-boxed e-con e-parent\" data-id=\"7206b363\" data-element_type=\"container\" data-e-type=\"container\" data-settings=\"{&quot;background_background&quot;:&quot;classic&quot;}\">\n\t\t\t\t\t<div class=\"e-con-inner\">\n\t\t<div class=\"elementor-element elementor-element-60820fa1 e-con-full e-flex e-con e-child\" data-id=\"60820fa1\" data-element_type=\"container\" data-e-type=\"container\" data-settings=\"{&quot;background_slideshow_gallery&quot;:[{&quot;id&quot;:511,&quot;url&quot;:&quot;https:\\\/\\\/crrc-mng.com.tr\\\/wp-content\\\/uploads\\\/2026\\\/03\\\/18mlik11.webp&quot;}],&quot;background_background&quot;:&quot;slideshow&quot;,&quot;background_slideshow_loop&quot;:&quot;yes&quot;,&quot;background_slideshow_slide_duration&quot;:5000,&quot;background_slideshow_slide_transition&quot;:&quot;fade&quot;,&quot;background_slideshow_transition_duration&quot;:500}\">\n\t\t\t\t<\/div>\n\t\t<div class=\"elementor-element elementor-element-7eb3c4ea e-con-full e-flex e-con e-child\" data-id=\"7eb3c4ea\" data-element_type=\"container\" data-e-type=\"container\">\n\t\t\t\t<div class=\"elementor-element elementor-element-63368fb9 elementor-widget elementor-widget-heading\" data-id=\"63368fb9\" data-element_type=\"widget\" data-e-type=\"widget\" data-widget_type=\"heading.default\">\n\t\t\t\t\t<h6 class=\"elementor-heading-title elementor-size-default\">18M ELEKTR\u0130KL\u0130 OTOB\u00dcS<\/h6>\t\t\t\t<\/div>\n\t\t\t\t<div class=\"elementor-element elementor-element-359ce83e elementor-widget elementor-widget-text-editor\" data-id=\"359ce83e\" data-element_type=\"widget\" data-e-type=\"widget\" data-widget_type=\"text-editor.default\">\n\t\t\t\t\t\t\t\t\t<p data-start=\"135\" data-end=\"511\">CRRC taraf\u0131ndan geli\u015ftirilen 18 metre d\u00fc\u015f\u00fck tabanl\u0131 tam elektrikli otob\u00fcs, \u015fehir i\u00e7i toplu ta\u015f\u0131mada y\u00fcksek kapasite, \u00e7evreci teknoloji ve \u00fcst\u00fcn yolcu konforunu bir araya getiren modern bir ula\u015f\u0131m \u00e7\u00f6z\u00fcm\u00fcd\u00fcr. S\u0131f\u0131r emisyonlu yap\u0131s\u0131 sayesinde s\u00fcrd\u00fcr\u00fclebilir \u015fehirler i\u00e7in ideal bir alternatif sunarken, g\u00fc\u00e7l\u00fc batarya sistemi ile uzun menzil ve kesintisiz operasyon imk\u00e2n\u0131 sa\u011flar.<\/p><p data-start=\"513\" data-end=\"867\">Geni\u015f i\u00e7 hacmi, ergonomik tasar\u0131m\u0131 ve engelsiz eri\u015fim \u00f6zellikleri ile yolcu deneyimini \u00fcst seviyeye ta\u015f\u0131yan bu ara\u00e7, geli\u015fmi\u015f s\u00fcspansiyon sistemi ve y\u00fcksek manevra kabiliyeti sayesinde yo\u011fun \u015fehir trafi\u011finde g\u00fcvenli ve konforlu bir s\u00fcr\u00fc\u015f sunar. D\u00fc\u015f\u00fck i\u015fletme maliyetleri ve enerji verimlili\u011fi ile modern \u015fehir ula\u015f\u0131m\u0131na yenilik\u00e7i bir \u00e7\u00f6z\u00fcm getirmektedir.<\/p>\t\t\t\t\t\t\t\t<\/div>\n\t\t<div class=\"elementor-element elementor-element-2ed5c530 e-con-full e-flex e-con e-child\" data-id=\"2ed5c530\" data-element_type=\"container\" data-e-type=\"container\">\n\t\t\t\t<div class=\"elementor-element elementor-element-6b7a290 elementor-widget elementor-widget-text-editor\" data-id=\"6b7a290\" data-element_type=\"widget\" data-e-type=\"widget\" data-widget_type=\"text-editor.default\">\n\t\t\t\t\t\t\t\t\t<p data-start=\"57\" data-end=\"620\"><strong data-start=\"57\" data-end=\"71\">Ara\u00e7 Tipi:<\/strong> 18 m D\u00fc\u015f\u00fck Tabanl\u0131 Elektrikli Otob\u00fcs<br data-start=\"108\" data-end=\"111\" \/><strong data-start=\"111\" data-end=\"136\">Boyutlar (U x G x Y):<\/strong> 18.750 x 2.540 x 3.350 mm<br data-start=\"162\" data-end=\"165\" \/><strong data-start=\"165\" data-end=\"189\" data-is-only-node=\"\">Bo\u015f \/ Azami A\u011f\u0131rl\u0131k:<\/strong> 21.500 kg \/ 30.000 kg<br data-start=\"211\" data-end=\"214\" \/><strong data-start=\"214\" data-end=\"231\">\u0130\u00e7 Y\u00fckseklik:<\/strong> 2.450 mm<br data-start=\"240\" data-end=\"243\" \/><strong data-start=\"243\" data-end=\"266\">Minimum D\u00f6n\u00fc\u015f \u00c7ap\u0131:<\/strong> 18,6 m<br data-start=\"273\" data-end=\"276\" \/><strong data-start=\"276\" data-end=\"291\">Zemin Tipi:<\/strong> D\u00fc\u015f\u00fck taban<br data-start=\"303\" data-end=\"306\" \/><strong data-start=\"306\" data-end=\"322\">Kap\u0131 D\u00fczeni:<\/strong> 2-2-2-2<br data-start=\"330\" data-end=\"333\" \/><strong data-start=\"333\" data-end=\"354\">Yolcu Kapasitesi:<\/strong> 116 ki\u015fi<br data-start=\"363\" data-end=\"366\" \/><strong data-start=\"366\" data-end=\"389\">Batarya Kapasitesi:<\/strong> 704 kWh<br data-start=\"397\" data-end=\"400\" \/><strong data-start=\"400\" data-end=\"415\">Motor G\u00fcc\u00fc:<\/strong> 165 kW + 80 kW (Maks. 240 kW + 135 kW)<br data-start=\"454\" data-end=\"457\" \/><strong data-start=\"572\" data-end=\"589\">Maksimum H\u0131z:<\/strong> 84 km\/s<br data-start=\"597\" data-end=\"600\" \/><strong data-start=\"600\" data-end=\"611\">Menzil:<\/strong> 400 km<\/p>\t\t\t\t\t\t\t\t<\/div>\n\t\t\t\t<\/div>\n\t\t\t\t<\/div>\n\t\t\t\t\t<\/div>\n\t\t\t\t<\/div>\n\t\t\t\t<\/div>\n\t\t","protected":false},"excerpt":{"rendered":"<p>18M ELEKTR\u0130KL\u0130 OTOB\u00dcS CRRC taraf\u0131ndan geli\u015ftirilen 18 metre d\u00fc\u015f\u00fck tabanl\u0131 tam elektrikli otob\u00fcs, \u015fehir i\u00e7i toplu ta\u015f\u0131mada y\u00fcksek kapasite, \u00e7evreci teknoloji ve \u00fcst\u00fcn yolcu konforunu bir araya getiren modern bir ula\u015f\u0131m \u00e7\u00f6z\u00fcm\u00fcd\u00fcr. S\u0131f\u0131r emisyonlu yap\u0131s\u0131 sayesinde s\u00fcrd\u00fcr\u00fclebilir \u015fehirler i\u00e7in ideal bir alternatif sunarken, g\u00fc\u00e7l\u00fc batarya sistemi ile uzun menzil ve kesintisiz operasyon imk\u00e2n\u0131 sa\u011flar. Geni\u015f [&hellip;]<\/p>\n","protected":false},"author":1,"featured_media":0,"parent":0,"menu_order":0,"comment_status":"closed","ping_status":"closed","template":"elementor_header_footer","meta":{"footnotes":""},"class_list":["post-508","page","type-page","status-publish","hentry"],"_links":{"self":[{"href":"https:\/\/crrc-mng.com.tr\/en\/wp-json\/wp\/v2\/pages\/508","targetHints":{"allow":["GET"]}}],"collection":[{"href":"https:\/\/crrc-mng.com.tr\/en\/wp-json\/wp\/v2\/pages"}],"about":[{"href":"https:\/\/crrc-mng.com.tr\/en\/wp-json\/wp\/v2\/types\/page"}],"author":[{"embeddable":true,"href":"https:\/\/crrc-mng.com.tr\/en\/wp-json\/wp\/v2\/users\/1"}],"replies":[{"embeddable":true,"href":"https:\/\/crrc-mng.com.tr\/en\/wp-json\/wp\/v2\/comments?post=508"}],"version-history":[{"count":4,"href":"https:\/\/crrc-mng.com.tr\/en\/wp-json\/wp\/v2\/pages\/508\/revisions"}],"predecessor-version":[{"id":516,"href":"https:\/\/crrc-mng.com.tr\/en\/wp-json\/wp\/v2\/pages\/508\/revisions\/516"}],"wp:attachment":[{"href":"https:\/\/crrc-mng.com.tr\/en\/wp-json\/wp\/v2\/media?parent=508"}],"curies":[{"name":"wp","href":"https:\/\/api.w.org\/{rel}","templated":true}]}}