{"id":477,"date":"2026-03-26T18:49:05","date_gmt":"2026-03-26T18:49:05","guid":{"rendered":"https:\/\/crrc-mng.com.tr\/?page_id=477"},"modified":"2026-03-26T18:51:29","modified_gmt":"2026-03-26T18:51:29","slug":"istanbul-havalimani-metrosu","status":"publish","type":"page","link":"https:\/\/crrc-mng.com.tr\/en\/istanbul-havalimani-metrosu\/","title":{"rendered":"ISTANBUL AIRPORT SUBWAY"},"content":{"rendered":"\t\t<div data-elementor-type=\"wp-page\" data-elementor-id=\"477\" class=\"elementor elementor-477\" data-elementor-post-type=\"page\">\n\t\t\t\t<div class=\"elementor-element elementor-element-7e064b87 e-flex e-con-boxed e-con e-parent\" data-id=\"7e064b87\" data-element_type=\"container\" data-e-type=\"container\" data-settings=\"{&quot;background_background&quot;:&quot;classic&quot;}\">\n\t\t\t\t\t<div class=\"e-con-inner\">\n\t\t<div class=\"elementor-element elementor-element-62da68a4 e-con-full e-flex e-con e-child\" data-id=\"62da68a4\" data-element_type=\"container\" data-e-type=\"container\">\n\t\t\t\t<div class=\"elementor-element elementor-element-2e9c925 elementor-widget__width-auto elementor-invisible elementor-widget elementor-widget-heading\" data-id=\"2e9c925\" data-element_type=\"widget\" data-e-type=\"widget\" data-settings=\"{&quot;_animation&quot;:&quot;fadeInLeft&quot;}\" data-widget_type=\"heading.default\">\n\t\t\t\t\t<h2 class=\"elementor-heading-title elementor-size-default\">\u0130STANBUL HAVAL\u0130MANI METROSU<\/h2>\t\t\t\t<\/div>\n\t\t\t\t<\/div>\n\t\t\t\t\t<\/div>\n\t\t\t\t<\/div>\n\t\t<div class=\"elementor-element elementor-element-7206b363 e-flex e-con-boxed e-con e-parent\" data-id=\"7206b363\" data-element_type=\"container\" data-e-type=\"container\" data-settings=\"{&quot;background_background&quot;:&quot;classic&quot;}\">\n\t\t\t\t\t<div class=\"e-con-inner\">\n\t\t<div class=\"elementor-element elementor-element-60820fa1 e-con-full e-flex e-con e-child\" data-id=\"60820fa1\" data-element_type=\"container\" data-e-type=\"container\" data-settings=\"{&quot;background_slideshow_gallery&quot;:[{&quot;id&quot;:480,&quot;url&quot;:&quot;https:\\\/\\\/crrc-mng.com.tr\\\/wp-content\\\/uploads\\\/2026\\\/03\\\/IST-METTRO.webp&quot;},{&quot;id&quot;:481,&quot;url&quot;:&quot;https:\\\/\\\/crrc-mng.com.tr\\\/wp-content\\\/uploads\\\/2026\\\/03\\\/IST-METTRO22.webp&quot;}],&quot;background_background&quot;:&quot;slideshow&quot;,&quot;background_slideshow_loop&quot;:&quot;yes&quot;,&quot;background_slideshow_slide_duration&quot;:5000,&quot;background_slideshow_slide_transition&quot;:&quot;fade&quot;,&quot;background_slideshow_transition_duration&quot;:500}\">\n\t\t\t\t<\/div>\n\t\t<div class=\"elementor-element elementor-element-7eb3c4ea e-con-full e-flex e-con e-child\" data-id=\"7eb3c4ea\" data-element_type=\"container\" data-e-type=\"container\">\n\t\t\t\t<div class=\"elementor-element elementor-element-63368fb9 elementor-widget elementor-widget-heading\" data-id=\"63368fb9\" data-element_type=\"widget\" data-e-type=\"widget\" data-widget_type=\"heading.default\">\n\t\t\t\t\t<h6 class=\"elementor-heading-title elementor-size-default\">\u0130STANBUL HAVAL\u0130MANI METROSU<\/h6>\t\t\t\t<\/div>\n\t\t\t\t<div class=\"elementor-element elementor-element-359ce83e elementor-widget elementor-widget-text-editor\" data-id=\"359ce83e\" data-element_type=\"widget\" data-e-type=\"widget\" data-widget_type=\"text-editor.default\">\n\t\t\t\t\t\t\t\t\t<p data-start=\"171\" data-end=\"478\">CRRC-MNG taraf\u0131ndan geli\u015ftirilen \u0130stanbul Havaliman\u0131 metro ara\u00e7lar\u0131, y\u00fcksek h\u0131z, kapasite ve konforu bir araya getiren ileri teknoloji rayl\u0131 sistem \u00e7\u00f6z\u00fcmleri sunmaktad\u0131r. Modern tasar\u0131m\u0131 ve enerji verimli yap\u0131s\u0131 sayesinde \u015fehir i\u00e7i ula\u015f\u0131mda s\u00fcrd\u00fcr\u00fclebilir, g\u00fcvenilir ve h\u0131zl\u0131 bir alternatif olu\u015fturmaktad\u0131r.<\/p><p data-start=\"480\" data-end=\"773\">Geli\u015fmi\u015f m\u00fchendislik altyap\u0131s\u0131 ile donat\u0131lan ara\u00e7lar, uzun hatlarda kesintisiz ve y\u00fcksek performansl\u0131 i\u015fletim imk\u00e2n\u0131 sa\u011flar. Yolcu konforunu \u00f6n planda tutan ergonomik i\u00e7 tasar\u0131m, y\u00fcksek h\u0131z kapasitesi ve d\u00fc\u015f\u00fck i\u015fletme maliyetleri ile \u0130stanbul\u2019un ula\u015f\u0131m altyap\u0131s\u0131na g\u00fc\u00e7l\u00fc bir katk\u0131 sunmaktad\u0131r.<\/p><p data-start=\"425\" data-end=\"698\">Geli\u015fmi\u015f bogie yap\u0131s\u0131 ve y\u00fcksek manevra kabiliyeti ile dar yar\u0131\u00e7apl\u0131 hatlarda dahi etkin performans sa\u011flar. Yolcu konforunu art\u0131ran i\u00e7 tasar\u0131m\u0131, g\u00fcvenlik odakl\u0131 sistemleri ve y\u00fcksek kapasitesi ile \u0130zmir\u2019in ula\u015f\u0131m altyap\u0131s\u0131na s\u00fcrd\u00fcr\u00fclebilir ve yenilik\u00e7i katk\u0131 sa\u011flamaktad\u0131r.<\/p>\t\t\t\t\t\t\t\t<\/div>\n\t\t<div class=\"elementor-element elementor-element-2ed5c530 e-con-full e-flex e-con e-child\" data-id=\"2ed5c530\" data-element_type=\"container\" data-e-type=\"container\">\n\t\t\t\t<div class=\"elementor-element elementor-element-6b7a290 elementor-widget elementor-widget-text-editor\" data-id=\"6b7a290\" data-element_type=\"widget\" data-e-type=\"widget\" data-widget_type=\"text-editor.default\">\n\t\t\t\t\t\t\t\t\t<p data-start=\"202\" data-end=\"391\"><strong data-start=\"202\" data-end=\"229\">Enerji Besleme Sistemi:<\/strong> DC 750V \u00dc\u00e7\u00fcnc\u00fc Ray<br data-start=\"248\" data-end=\"251\" \/><strong data-start=\"251\" data-end=\"275\">Ara\u00e7 Konfig\u00fcrasyonu:<\/strong> MD \u2013 M \u2013 M \u2013 MD<br data-start=\"291\" data-end=\"294\" \/><strong data-start=\"294\" data-end=\"313\">Toplam Uzunluk:<\/strong> 94.400 mm<br data-start=\"323\" data-end=\"326\" \/><strong data-start=\"326\" data-end=\"339\">Geni\u015flik:<\/strong> 2.650 mm<br data-start=\"348\" data-end=\"351\" \/><strong data-start=\"351\" data-end=\"380\">Y\u00fckseklik (Ray \u00dcst\u00fcnden):<\/strong> 3.800 mm<\/p><p data-start=\"393\" data-end=\"455\"><strong data-start=\"393\" data-end=\"421\">Bogie (Dingil) Mesafesi:<\/strong> 1.800 mm<br data-start=\"430\" data-end=\"433\" \/><strong data-start=\"433\" data-end=\"446\">Aks Y\u00fck\u00fc:<\/strong> 10 ton<\/p><p data-start=\"457\" data-end=\"513\"><strong data-start=\"457\" data-end=\"474\">Maksimum H\u0131z:<\/strong> 120 km\/s<br data-start=\"483\" data-end=\"486\" \/><strong data-start=\"486\" data-end=\"503\">\u0130\u015fletme H\u0131z\u0131:<\/strong> 90 km\/s<\/p>\t\t\t\t\t\t\t\t<\/div>\n\t\t\t\t<\/div>\n\t\t\t\t<\/div>\n\t\t\t\t\t<\/div>\n\t\t\t\t<\/div>\n\t\t\t\t<\/div>\n\t\t","protected":false},"excerpt":{"rendered":"<p>\u0130STANBUL HAVAL\u0130MANI METROSU CRRC-MNG taraf\u0131ndan geli\u015ftirilen \u0130stanbul Havaliman\u0131 metro ara\u00e7lar\u0131, y\u00fcksek h\u0131z, kapasite ve konforu bir araya getiren ileri teknoloji rayl\u0131 sistem \u00e7\u00f6z\u00fcmleri sunmaktad\u0131r. Modern tasar\u0131m\u0131 ve enerji verimli yap\u0131s\u0131 sayesinde \u015fehir i\u00e7i ula\u015f\u0131mda s\u00fcrd\u00fcr\u00fclebilir, g\u00fcvenilir ve h\u0131zl\u0131 bir alternatif olu\u015fturmaktad\u0131r. Geli\u015fmi\u015f m\u00fchendislik altyap\u0131s\u0131 ile donat\u0131lan ara\u00e7lar, uzun hatlarda kesintisiz ve y\u00fcksek performansl\u0131 i\u015fletim imk\u00e2n\u0131 [&hellip;]<\/p>\n","protected":false},"author":1,"featured_media":0,"parent":0,"menu_order":0,"comment_status":"closed","ping_status":"closed","template":"elementor_header_footer","meta":{"footnotes":""},"class_list":["post-477","page","type-page","status-publish","hentry"],"_links":{"self":[{"href":"https:\/\/crrc-mng.com.tr\/en\/wp-json\/wp\/v2\/pages\/477","targetHints":{"allow":["GET"]}}],"collection":[{"href":"https:\/\/crrc-mng.com.tr\/en\/wp-json\/wp\/v2\/pages"}],"about":[{"href":"https:\/\/crrc-mng.com.tr\/en\/wp-json\/wp\/v2\/types\/page"}],"author":[{"embeddable":true,"href":"https:\/\/crrc-mng.com.tr\/en\/wp-json\/wp\/v2\/users\/1"}],"replies":[{"embeddable":true,"href":"https:\/\/crrc-mng.com.tr\/en\/wp-json\/wp\/v2\/comments?post=477"}],"version-history":[{"count":4,"href":"https:\/\/crrc-mng.com.tr\/en\/wp-json\/wp\/v2\/pages\/477\/revisions"}],"predecessor-version":[{"id":485,"href":"https:\/\/crrc-mng.com.tr\/en\/wp-json\/wp\/v2\/pages\/477\/revisions\/485"}],"wp:attachment":[{"href":"https:\/\/crrc-mng.com.tr\/en\/wp-json\/wp\/v2\/media?parent=477"}],"curies":[{"name":"wp","href":"https:\/\/api.w.org\/{rel}","templated":true}]}}