{"id":463,"date":"2026-03-26T14:35:50","date_gmt":"2026-03-26T14:35:50","guid":{"rendered":"https:\/\/crrc-mng.com.tr\/?page_id=463"},"modified":"2026-04-06T19:57:36","modified_gmt":"2026-04-06T19:57:36","slug":"izmir-metrosu","status":"publish","type":"page","link":"https:\/\/crrc-mng.com.tr\/en\/izmir-metrosu\/","title":{"rendered":"IZMIR SUBWAY"},"content":{"rendered":"\t\t<div data-elementor-type=\"wp-page\" data-elementor-id=\"463\" class=\"elementor elementor-463\" data-elementor-post-type=\"page\">\n\t\t\t\t<div class=\"elementor-element elementor-element-7e064b87 e-flex e-con-boxed e-con e-parent\" data-id=\"7e064b87\" data-element_type=\"container\" data-e-type=\"container\" data-settings=\"{&quot;background_background&quot;:&quot;classic&quot;}\">\n\t\t\t\t\t<div class=\"e-con-inner\">\n\t\t<div class=\"elementor-element elementor-element-62da68a4 e-con-full e-flex e-con e-child\" data-id=\"62da68a4\" data-element_type=\"container\" data-e-type=\"container\">\n\t\t\t\t<div class=\"elementor-element elementor-element-2e9c925 elementor-widget__width-auto elementor-invisible elementor-widget elementor-widget-heading\" data-id=\"2e9c925\" data-element_type=\"widget\" data-e-type=\"widget\" data-settings=\"{&quot;_animation&quot;:&quot;fadeInLeft&quot;}\" data-widget_type=\"heading.default\">\n\t\t\t\t\t<h2 class=\"elementor-heading-title elementor-size-default\">\u0130ZM\u0130R METROSU<\/h2>\t\t\t\t<\/div>\n\t\t\t\t<\/div>\n\t\t\t\t\t<\/div>\n\t\t\t\t<\/div>\n\t\t<div class=\"elementor-element elementor-element-7206b363 e-flex e-con-boxed e-con e-parent\" data-id=\"7206b363\" data-element_type=\"container\" data-e-type=\"container\" data-settings=\"{&quot;background_background&quot;:&quot;classic&quot;}\">\n\t\t\t\t\t<div class=\"e-con-inner\">\n\t\t<div class=\"elementor-element elementor-element-60820fa1 e-con-full e-flex e-con e-child\" data-id=\"60820fa1\" data-element_type=\"container\" data-e-type=\"container\" data-settings=\"{&quot;background_slideshow_gallery&quot;:[{&quot;id&quot;:435,&quot;url&quot;:&quot;https:\\\/\\\/crrc-mng.com.tr\\\/wp-content\\\/uploads\\\/2026\\\/03\\\/tren-izmir.webp&quot;},{&quot;id&quot;:466,&quot;url&quot;:&quot;https:\\\/\\\/crrc-mng.com.tr\\\/wp-content\\\/uploads\\\/2026\\\/03\\\/IZMR-2.webp&quot;}],&quot;background_background&quot;:&quot;slideshow&quot;,&quot;background_slideshow_loop&quot;:&quot;yes&quot;,&quot;background_slideshow_slide_duration&quot;:5000,&quot;background_slideshow_slide_transition&quot;:&quot;fade&quot;,&quot;background_slideshow_transition_duration&quot;:500}\">\n\t\t\t\t<\/div>\n\t\t<div class=\"elementor-element elementor-element-7eb3c4ea e-con-full e-flex e-con e-child\" data-id=\"7eb3c4ea\" data-element_type=\"container\" data-e-type=\"container\">\n\t\t\t\t<div class=\"elementor-element elementor-element-63368fb9 elementor-widget elementor-widget-heading\" data-id=\"63368fb9\" data-element_type=\"widget\" data-e-type=\"widget\" data-widget_type=\"heading.default\">\n\t\t\t\t\t<h6 class=\"elementor-heading-title elementor-size-default\">\u0130ZM\u0130R METROSU<\/h6>\t\t\t\t<\/div>\n\t\t\t\t<div class=\"elementor-element elementor-element-359ce83e elementor-widget elementor-widget-text-editor\" data-id=\"359ce83e\" data-element_type=\"widget\" data-e-type=\"widget\" data-widget_type=\"text-editor.default\">\n\t\t\t\t\t\t\t\t\t<p data-start=\"98\" data-end=\"423\">CRRC-MNG taraf\u0131ndan geli\u015ftirilen \u0130zmir LRV ara\u00e7lar\u0131, \u015fehir i\u00e7i ula\u015f\u0131mda y\u00fcksek kapasite, enerji verimlili\u011fi ve konforu bir araya getiren modern rayl\u0131 sistem \u00e7\u00f6z\u00fcmleridir. Hafif al\u00fcminyum g\u00f6vde yap\u0131s\u0131 ve ileri m\u00fchendislik teknolojileri sayesinde d\u00fc\u015f\u00fck i\u015fletme maliyeti ve uzun \u00f6m\u00fcrl\u00fc kullan\u0131m sunar.<\/p><p data-start=\"425\" data-end=\"698\">Geli\u015fmi\u015f bogie yap\u0131s\u0131 ve y\u00fcksek manevra kabiliyeti ile dar yar\u0131\u00e7apl\u0131 hatlarda dahi etkin performans sa\u011flar. Yolcu konforunu art\u0131ran i\u00e7 tasar\u0131m\u0131, g\u00fcvenlik odakl\u0131 sistemleri ve y\u00fcksek kapasitesi ile \u0130zmir\u2019in ula\u015f\u0131m altyap\u0131s\u0131na s\u00fcrd\u00fcr\u00fclebilir ve yenilik\u00e7i katk\u0131 sa\u011flamaktad\u0131r.<\/p>\t\t\t\t\t\t\t\t<\/div>\n\t\t<div class=\"elementor-element elementor-element-2ed5c530 e-con-full e-flex e-con e-child\" data-id=\"2ed5c530\" data-element_type=\"container\" data-e-type=\"container\">\n\t\t\t\t<div class=\"elementor-element elementor-element-6b7a290 elementor-widget elementor-widget-text-editor\" data-id=\"6b7a290\" data-element_type=\"widget\" data-e-type=\"widget\" data-widget_type=\"text-editor.default\">\n\t\t\t\t\t\t\t\t\t<p><strong data-start=\"0\" data-end=\"23\" data-is-only-node=\"\">Teknik Parametreler<\/strong><br data-start=\"745\" data-end=\"748\" \/><strong data-start=\"26\" data-end=\"48\">Ak\u0131m Toplama Tipi:<\/strong> DC 750V \u00dc\u00e7\u00fcnc\u00fc Ray<br data-start=\"67\" data-end=\"70\" \/><strong data-start=\"70\" data-end=\"88\">Tren Dizilimi:<\/strong> MD \u2013 M \u2013 M \u2013 MD<br data-start=\"104\" data-end=\"107\" \/><strong data-start=\"107\" data-end=\"119\">Uzunluk:<\/strong> 94.400 mm<br data-start=\"129\" data-end=\"132\" \/><strong data-start=\"132\" data-end=\"145\">Geni\u015flik:<\/strong> 2.650 mm<br data-start=\"154\" data-end=\"157\" \/><strong data-start=\"157\" data-end=\"188\">Y\u00fckseklik (Zemin\u2013Ray \u00dcst\u00fc):<\/strong> 880 mm<br data-start=\"195\" data-end=\"198\" \/><strong data-start=\"198\" data-end=\"215\">Aks Mesafesi:<\/strong> 1.800 mm<br data-start=\"224\" data-end=\"227\" \/><strong data-start=\"227\" data-end=\"240\">Aks Y\u00fck\u00fc:<\/strong> 10 ton<br data-start=\"247\" data-end=\"250\" \/><strong data-start=\"250\" data-end=\"271\">Yolcu Kapasitesi:<\/strong> 1.000 Yolcu<\/p>\t\t\t\t\t\t\t\t<\/div>\n\t\t\t\t<\/div>\n\t\t\t\t<\/div>\n\t\t\t\t\t<\/div>\n\t\t\t\t<\/div>\n\t\t\t\t<\/div>\n\t\t","protected":false},"excerpt":{"rendered":"<p>\u0130ZM\u0130R METROSU CRRC-MNG taraf\u0131ndan geli\u015ftirilen \u0130zmir LRV ara\u00e7lar\u0131, \u015fehir i\u00e7i ula\u015f\u0131mda y\u00fcksek kapasite, enerji verimlili\u011fi ve konforu bir araya getiren modern rayl\u0131 sistem \u00e7\u00f6z\u00fcmleridir. Hafif al\u00fcminyum g\u00f6vde yap\u0131s\u0131 ve ileri m\u00fchendislik teknolojileri sayesinde d\u00fc\u015f\u00fck i\u015fletme maliyeti ve uzun \u00f6m\u00fcrl\u00fc kullan\u0131m sunar. Geli\u015fmi\u015f bogie yap\u0131s\u0131 ve y\u00fcksek manevra kabiliyeti ile dar yar\u0131\u00e7apl\u0131 hatlarda dahi etkin performans [&hellip;]<\/p>\n","protected":false},"author":1,"featured_media":0,"parent":0,"menu_order":0,"comment_status":"closed","ping_status":"closed","template":"elementor_header_footer","meta":{"footnotes":""},"class_list":["post-463","page","type-page","status-publish","hentry"],"_links":{"self":[{"href":"https:\/\/crrc-mng.com.tr\/en\/wp-json\/wp\/v2\/pages\/463","targetHints":{"allow":["GET"]}}],"collection":[{"href":"https:\/\/crrc-mng.com.tr\/en\/wp-json\/wp\/v2\/pages"}],"about":[{"href":"https:\/\/crrc-mng.com.tr\/en\/wp-json\/wp\/v2\/types\/page"}],"author":[{"embeddable":true,"href":"https:\/\/crrc-mng.com.tr\/en\/wp-json\/wp\/v2\/users\/1"}],"replies":[{"embeddable":true,"href":"https:\/\/crrc-mng.com.tr\/en\/wp-json\/wp\/v2\/comments?post=463"}],"version-history":[{"count":10,"href":"https:\/\/crrc-mng.com.tr\/en\/wp-json\/wp\/v2\/pages\/463\/revisions"}],"predecessor-version":[{"id":772,"href":"https:\/\/crrc-mng.com.tr\/en\/wp-json\/wp\/v2\/pages\/463\/revisions\/772"}],"wp:attachment":[{"href":"https:\/\/crrc-mng.com.tr\/en\/wp-json\/wp\/v2\/media?parent=463"}],"curies":[{"name":"wp","href":"https:\/\/api.w.org\/{rel}","templated":true}]}}