{"id":456,"date":"2026-03-26T14:26:21","date_gmt":"2026-03-26T14:26:21","guid":{"rendered":"https:\/\/crrc-mng.com.tr\/?page_id=456"},"modified":"2026-04-06T20:05:31","modified_gmt":"2026-04-06T20:05:31","slug":"ankara-metrosu","status":"publish","type":"page","link":"https:\/\/crrc-mng.com.tr\/en\/ankara-metrosu\/","title":{"rendered":"ANKARA SUBWAY"},"content":{"rendered":"\t\t<div data-elementor-type=\"wp-page\" data-elementor-id=\"456\" class=\"elementor elementor-456\" data-elementor-post-type=\"page\">\n\t\t\t\t<div class=\"elementor-element elementor-element-7e064b87 e-flex e-con-boxed e-con e-parent\" data-id=\"7e064b87\" data-element_type=\"container\" data-e-type=\"container\" data-settings=\"{&quot;background_background&quot;:&quot;classic&quot;}\">\n\t\t\t\t\t<div class=\"e-con-inner\">\n\t\t<div class=\"elementor-element elementor-element-62da68a4 e-con-full e-flex e-con e-child\" data-id=\"62da68a4\" data-element_type=\"container\" data-e-type=\"container\">\n\t\t\t\t<div class=\"elementor-element elementor-element-2e9c925 elementor-widget__width-auto elementor-invisible elementor-widget elementor-widget-heading\" data-id=\"2e9c925\" data-element_type=\"widget\" data-e-type=\"widget\" data-settings=\"{&quot;_animation&quot;:&quot;fadeInLeft&quot;}\" data-widget_type=\"heading.default\">\n\t\t\t\t\t<h2 class=\"elementor-heading-title elementor-size-default\">ANKARA METROSU<\/h2>\t\t\t\t<\/div>\n\t\t\t\t<\/div>\n\t\t\t\t\t<\/div>\n\t\t\t\t<\/div>\n\t\t<div class=\"elementor-element elementor-element-7206b363 e-flex e-con-boxed e-con e-parent\" data-id=\"7206b363\" data-element_type=\"container\" data-e-type=\"container\" data-settings=\"{&quot;background_background&quot;:&quot;classic&quot;}\">\n\t\t\t\t\t<div class=\"e-con-inner\">\n\t\t<div class=\"elementor-element elementor-element-60820fa1 e-con-full e-flex e-con e-child\" data-id=\"60820fa1\" data-element_type=\"container\" data-e-type=\"container\" data-settings=\"{&quot;background_slideshow_gallery&quot;:[{&quot;id&quot;:432,&quot;url&quot;:&quot;https:\\\/\\\/crrc-mng.com.tr\\\/wp-content\\\/uploads\\\/2026\\\/03\\\/ChatGPT-Image-26-Mar-2026-13_17_59.png&quot;},{&quot;id&quot;:433,&quot;url&quot;:&quot;https:\\\/\\\/crrc-mng.com.tr\\\/wp-content\\\/uploads\\\/2026\\\/03\\\/tren-ankara.webp&quot;}],&quot;background_background&quot;:&quot;slideshow&quot;,&quot;background_slideshow_loop&quot;:&quot;yes&quot;,&quot;background_slideshow_slide_duration&quot;:5000,&quot;background_slideshow_slide_transition&quot;:&quot;fade&quot;,&quot;background_slideshow_transition_duration&quot;:500}\">\n\t\t\t\t<\/div>\n\t\t<div class=\"elementor-element elementor-element-7eb3c4ea e-con-full e-flex e-con e-child\" data-id=\"7eb3c4ea\" data-element_type=\"container\" data-e-type=\"container\">\n\t\t\t\t<div class=\"elementor-element elementor-element-63368fb9 elementor-widget elementor-widget-heading\" data-id=\"63368fb9\" data-element_type=\"widget\" data-e-type=\"widget\" data-widget_type=\"heading.default\">\n\t\t\t\t\t<h6 class=\"elementor-heading-title elementor-size-default\">ANKARA METROSU<\/h6>\t\t\t\t<\/div>\n\t\t\t\t<div class=\"elementor-element elementor-element-359ce83e elementor-widget elementor-widget-text-editor\" data-id=\"359ce83e\" data-element_type=\"widget\" data-e-type=\"widget\" data-widget_type=\"text-editor.default\">\n\t\t\t\t\t\t\t\t\t<p data-start=\"93\" data-end=\"439\">CRRC-MNG taraf\u0131ndan T\u00fcrkiye\u2019de \u00fcretilen Ankara Metrosu ara\u00e7lar\u0131, \u015fehir i\u00e7i ula\u015f\u0131mda g\u00fcvenlik, konfor ve verimlili\u011fi bir araya getiren modern rayl\u0131 sistem \u00e7\u00f6z\u00fcmleridir. Hafif g\u00f6vde yap\u0131s\u0131, enerji verimlili\u011fini destekleyen sistemleri ve yolcu odakl\u0131 i\u00e7 tasar\u0131m\u0131 ile kent i\u00e7i ula\u015f\u0131m ihtiya\u00e7lar\u0131na g\u00fc\u00e7l\u00fc bir \u00e7\u00f6z\u00fcm sunar.<\/p><p data-start=\"441\" data-end=\"719\">Paslanmaz \u00e7elik g\u00f6vde yap\u0131s\u0131 sayesinde y\u00fcksek dayan\u0131m sa\u011flayan ara\u00e7lar, d\u00fc\u015f\u00fck bak\u0131m ihtiyac\u0131 ve uzun hizmet \u00f6mr\u00fc ile \u00f6ne \u00e7\u0131kar. Geni\u015f i\u00e7 hacmi, ferah yolcu alan\u0131 ve modern donan\u0131mlar\u0131 sayesinde Ankara\u2019n\u0131n toplu ula\u015f\u0131m altyap\u0131s\u0131na s\u00fcrd\u00fcr\u00fclebilir ve yenilik\u00e7i katk\u0131 sa\u011flamaktad\u0131r.<\/p>\t\t\t\t\t\t\t\t<\/div>\n\t\t<div class=\"elementor-element elementor-element-2ed5c530 e-con-full e-flex e-con e-child\" data-id=\"2ed5c530\" data-element_type=\"container\" data-e-type=\"container\">\n\t\t\t\t<div class=\"elementor-element elementor-element-6b7a290 elementor-widget elementor-widget-text-editor\" data-id=\"6b7a290\" data-element_type=\"widget\" data-e-type=\"widget\" data-widget_type=\"text-editor.default\">\n\t\t\t\t\t\t\t\t\t<p><strong data-start=\"0\" data-end=\"23\" data-is-only-node=\"\">Teknik Parametreler<\/strong><br data-start=\"23\" data-end=\"26\" \/><strong data-start=\"26\" data-end=\"48\">Ak\u0131m Toplama Tipi:<\/strong> DC 750V \u00dc\u00e7\u00fcnc\u00fc Ray<br data-start=\"67\" data-end=\"70\" \/><strong data-start=\"70\" data-end=\"88\">Tren Dizilimi:<\/strong> Mc \u2013 T + T + Mc<br data-start=\"104\" data-end=\"107\" \/><strong data-start=\"107\" data-end=\"119\">Uzunluk:<\/strong> 68.637 mm<br data-start=\"129\" data-end=\"132\" \/><strong data-start=\"132\" data-end=\"145\">Geni\u015flik:<\/strong> 3.124 mm<br data-start=\"154\" data-end=\"157\" \/><strong data-start=\"157\" data-end=\"178\">Zemin Y\u00fcksekli\u011fi:<\/strong> 1.435 mm<br data-start=\"187\" data-end=\"190\" \/><strong data-start=\"190\" data-end=\"221\">Hat A\u00e7\u0131kl\u0131\u011f\u0131 (Ray Aral\u0131\u011f\u0131):<\/strong> 2.500 mm<br data-start=\"230\" data-end=\"233\" \/><strong data-start=\"233\" data-end=\"246\">Aks Y\u00fck\u00fc:<\/strong> 16,5 ton<br data-start=\"255\" data-end=\"258\" \/><strong data-start=\"258\" data-end=\"279\">Yolcu Kapasitesi:<\/strong> 1.008 Yolcu<\/p>\t\t\t\t\t\t\t\t<\/div>\n\t\t\t\t<\/div>\n\t\t\t\t<\/div>\n\t\t\t\t\t<\/div>\n\t\t\t\t<\/div>\n\t\t\t\t<\/div>\n\t\t","protected":false},"excerpt":{"rendered":"<p>ANKARA METROSU CRRC-MNG taraf\u0131ndan T\u00fcrkiye\u2019de \u00fcretilen Ankara Metrosu ara\u00e7lar\u0131, \u015fehir i\u00e7i ula\u015f\u0131mda g\u00fcvenlik, konfor ve verimlili\u011fi bir araya getiren modern rayl\u0131 sistem \u00e7\u00f6z\u00fcmleridir. Hafif g\u00f6vde yap\u0131s\u0131, enerji verimlili\u011fini destekleyen sistemleri ve yolcu odakl\u0131 i\u00e7 tasar\u0131m\u0131 ile kent i\u00e7i ula\u015f\u0131m ihtiya\u00e7lar\u0131na g\u00fc\u00e7l\u00fc bir \u00e7\u00f6z\u00fcm sunar. Paslanmaz \u00e7elik g\u00f6vde yap\u0131s\u0131 sayesinde y\u00fcksek dayan\u0131m sa\u011flayan ara\u00e7lar, d\u00fc\u015f\u00fck bak\u0131m [&hellip;]<\/p>\n","protected":false},"author":1,"featured_media":0,"parent":0,"menu_order":0,"comment_status":"closed","ping_status":"closed","template":"elementor_header_footer","meta":{"footnotes":""},"class_list":["post-456","page","type-page","status-publish","hentry"],"_links":{"self":[{"href":"https:\/\/crrc-mng.com.tr\/en\/wp-json\/wp\/v2\/pages\/456","targetHints":{"allow":["GET"]}}],"collection":[{"href":"https:\/\/crrc-mng.com.tr\/en\/wp-json\/wp\/v2\/pages"}],"about":[{"href":"https:\/\/crrc-mng.com.tr\/en\/wp-json\/wp\/v2\/types\/page"}],"author":[{"embeddable":true,"href":"https:\/\/crrc-mng.com.tr\/en\/wp-json\/wp\/v2\/users\/1"}],"replies":[{"embeddable":true,"href":"https:\/\/crrc-mng.com.tr\/en\/wp-json\/wp\/v2\/comments?post=456"}],"version-history":[{"count":7,"href":"https:\/\/crrc-mng.com.tr\/en\/wp-json\/wp\/v2\/pages\/456\/revisions"}],"predecessor-version":[{"id":775,"href":"https:\/\/crrc-mng.com.tr\/en\/wp-json\/wp\/v2\/pages\/456\/revisions\/775"}],"wp:attachment":[{"href":"https:\/\/crrc-mng.com.tr\/en\/wp-json\/wp\/v2\/media?parent=456"}],"curies":[{"name":"wp","href":"https:\/\/api.w.org\/{rel}","templated":true}]}}