{"id":385,"date":"2026-03-26T09:52:51","date_gmt":"2026-03-26T09:52:51","guid":{"rendered":"https:\/\/crrc-mng.com.tr\/?page_id=385"},"modified":"2026-04-01T13:50:22","modified_gmt":"2026-04-01T13:50:22","slug":"hakkimizda","status":"publish","type":"page","link":"https:\/\/crrc-mng.com.tr\/en\/hakkimizda\/","title":{"rendered":"ABOUT US"},"content":{"rendered":"\t\t<div data-elementor-type=\"wp-page\" data-elementor-id=\"385\" class=\"elementor elementor-385\" data-elementor-post-type=\"page\">\n\t\t\t\t<div class=\"elementor-element elementor-element-301e3e08 e-flex e-con-boxed e-con e-parent\" data-id=\"301e3e08\" data-element_type=\"container\" data-e-type=\"container\" data-settings=\"{&quot;background_background&quot;:&quot;classic&quot;}\">\n\t\t\t\t\t<div class=\"e-con-inner\">\n\t\t<div class=\"elementor-element elementor-element-454e516 e-con-full e-flex e-con e-child\" data-id=\"454e516\" data-element_type=\"container\" data-e-type=\"container\">\n\t\t\t\t<div class=\"elementor-element elementor-element-31586a54 elementor-widget__width-auto elementor-invisible elementor-widget elementor-widget-heading\" data-id=\"31586a54\" data-element_type=\"widget\" data-e-type=\"widget\" data-settings=\"{&quot;_animation&quot;:&quot;fadeInLeft&quot;}\" data-widget_type=\"heading.default\">\n\t\t\t\t\t<h2 class=\"elementor-heading-title elementor-size-default\">HAKKIMIZDA<\/h2>\t\t\t\t<\/div>\n\t\t\t\t<\/div>\n\t\t\t\t\t<\/div>\n\t\t\t\t<\/div>\n\t\t<div class=\"elementor-element elementor-element-17f6a280 e-flex e-con-boxed e-con e-parent\" data-id=\"17f6a280\" data-element_type=\"container\" data-e-type=\"container\" data-settings=\"{&quot;background_background&quot;:&quot;classic&quot;}\">\n\t\t\t\t\t<div class=\"e-con-inner\">\n\t\t<div class=\"elementor-element elementor-element-4f639f69 e-con-full e-flex e-con e-child\" data-id=\"4f639f69\" data-element_type=\"container\" data-e-type=\"container\">\n\t\t\t\t<div class=\"elementor-element elementor-element-26896c2c elementor-widget elementor-widget-heading\" data-id=\"26896c2c\" data-element_type=\"widget\" data-e-type=\"widget\" data-widget_type=\"heading.default\">\n\t\t\t\t\t<h6 class=\"elementor-heading-title elementor-size-default\">CRRC-MNG Hakk\u0131nda<\/h6>\t\t\t\t<\/div>\n\t\t\t\t<div class=\"elementor-element elementor-element-21be2fbb elementor-widget elementor-widget-text-editor\" data-id=\"21be2fbb\" data-element_type=\"widget\" data-e-type=\"widget\" data-widget_type=\"text-editor.default\">\n\t\t\t\t\t\t\t\t\t<p data-start=\"67\" data-end=\"364\"><strong>CRRC-MNG Rayl\u0131 Sistem Ara\u00e7lar\u0131 San. ve Tic. Ltd. \u015eti.<\/strong>, d\u00fcnyan\u0131n \u00f6nde gelen rayl\u0131 sistem ara\u00e7 \u00fcreticilerinden biri olan \u00c7in Halk Cumhuriyeti merkezli <strong>CRRC Zhuzhou Electric Locomotive Co. Ltd.<\/strong> ile T\u00fcrkiye\u2019deki <strong>MNG Holding<\/strong> b\u00fcnyesinde faaliyet g\u00f6steren <strong>MAPA \u0130n\u015faat ve Tic. A.\u015e.<\/strong> ortakl\u0131\u011f\u0131nda kurulmu\u015ftur.<\/p><p data-start=\"366\" data-end=\"724\">CRRC-MNG Rayl\u0131 Sistem Ara\u00e7lar\u0131 San. ve Tic. Ltd. \u015eti. \u00fcretim tesisi, sahip oldu\u011fu teknoloji, \u00fcretim kapasitesi ve m\u00fchendislik altyap\u0131s\u0131 ile kendi sekt\u00f6r\u00fcnde T\u00fcrkiye\u2019de bir ilk olma \u00f6zelli\u011fi ta\u015f\u0131maktad\u0131r. Ankara Sincan 1. Organize Sanayi B\u00f6lgesi&#8217;nde, toplam 108.000 m\u00b2 alan \u00fczerine kurulu \u00fcretim tesislerinin birinci a\u015famas\u0131 2013 y\u0131l\u0131nda i\u015fletmeye al\u0131nm\u0131\u015ft\u0131r.<\/p><p data-start=\"726\" data-end=\"1327\">Tamamlanan ilk a\u015fama ile birlikte CRRC-MNG; y\u00fcksek teknolojiye sahip rayl\u0131 sistem ara\u00e7lar\u0131 (paslanmaz \u00e7elik g\u00f6vde ve al\u00fcminyum g\u00f6vde yap\u0131lar), elektrikli lokomotifler ve elektrikli otob\u00fcsler \u00fcretme kabiliyetine ula\u015fm\u0131\u015f, ayn\u0131 zamanda bu ara\u00e7lar\u0131n uluslararas\u0131 standartlara uygun \u015fekilde test ve do\u011frulama s\u00fcre\u00e7lerini ger\u00e7ekle\u015ftirebilecek teknik altyap\u0131 ve kapasiteye sahip olmu\u015ftur. Bu \u00fcretim ve test yetkinlikleri sayesinde CRRC-MNG, hem T\u00fcrkiye\u2019de hem de uluslararas\u0131 pazarda g\u00fcvenilir, yenilik\u00e7i ve s\u00fcrd\u00fcr\u00fclebilir ula\u015f\u0131m \u00e7\u00f6z\u00fcmleri sunan g\u00fc\u00e7l\u00fc bir teknoloji ve \u00fcretim merkezi olarak konumlanmaktad\u0131r.<\/p>\t\t\t\t\t\t\t\t<\/div>\n\t\t\t\t<\/div>\n\t\t<div class=\"elementor-element elementor-element-2be1525a e-con-full e-flex e-con e-child\" data-id=\"2be1525a\" data-element_type=\"container\" data-e-type=\"container\">\n\t\t\t\t<div class=\"elementor-element elementor-element-2c051063 elementor-widget elementor-widget-image\" data-id=\"2c051063\" data-element_type=\"widget\" data-e-type=\"widget\" data-widget_type=\"image.default\">\n\t\t\t\t\t\t\t\t\t\t\t\t\t\t\t<img fetchpriority=\"high\" decoding=\"async\" width=\"1024\" height=\"1136\" src=\"https:\/\/crrc-mng.com.tr\/wp-content\/uploads\/2026\/03\/Basliksiz-2.webp\" class=\"attachment-full size-full wp-image-230\" alt=\"\" srcset=\"https:\/\/crrc-mng.com.tr\/wp-content\/uploads\/2026\/03\/Basliksiz-2.webp 1024w, https:\/\/crrc-mng.com.tr\/wp-content\/uploads\/2026\/03\/Basliksiz-2-270x300.webp 270w, https:\/\/crrc-mng.com.tr\/wp-content\/uploads\/2026\/03\/Basliksiz-2-923x1024.webp 923w, https:\/\/crrc-mng.com.tr\/wp-content\/uploads\/2026\/03\/Basliksiz-2-768x852.webp 768w\" sizes=\"(max-width: 1024px) 100vw, 1024px\" \/>\t\t\t\t\t\t\t\t\t\t\t\t\t\t\t<\/div>\n\t\t\t\t<\/div>\n\t\t\t\t\t<\/div>\n\t\t\t\t<\/div>\n\t\t<div class=\"elementor-element elementor-element-642a3428 e-flex e-con-boxed e-con e-parent\" data-id=\"642a3428\" data-element_type=\"container\" data-e-type=\"container\" data-settings=\"{&quot;background_background&quot;:&quot;slideshow&quot;,&quot;background_slideshow_gallery&quot;:[{&quot;id&quot;:394,&quot;url&quot;:&quot;https:\\\/\\\/crrc-mng.com.tr\\\/wp-content\\\/uploads\\\/2026\\\/03\\\/ChatGPT-Image-5-Mar-2026-10_23_10.webp&quot;},{&quot;id&quot;:393,&quot;url&quot;:&quot;https:\\\/\\\/crrc-mng.com.tr\\\/wp-content\\\/uploads\\\/2026\\\/03\\\/ChatGPT-Image-12-Mar-2026-14_22_26.jpg&quot;},{&quot;id&quot;:392,&quot;url&quot;:&quot;https:\\\/\\\/crrc-mng.com.tr\\\/wp-content\\\/uploads\\\/2026\\\/03\\\/ChatGPT-Image-25-Mar-2026-13_41_20.webp&quot;},{&quot;id&quot;:391,&quot;url&quot;:&quot;https:\\\/\\\/crrc-mng.com.tr\\\/wp-content\\\/uploads\\\/2026\\\/03\\\/ChatGPT-Image-18-Mar-2026-15_21_57.webp&quot;}],&quot;background_slideshow_ken_burns&quot;:&quot;yes&quot;,&quot;background_slideshow_loop&quot;:&quot;yes&quot;,&quot;background_slideshow_slide_duration&quot;:5000,&quot;background_slideshow_slide_transition&quot;:&quot;fade&quot;,&quot;background_slideshow_transition_duration&quot;:500,&quot;background_slideshow_ken_burns_zoom_direction&quot;:&quot;in&quot;}\">\n\t\t\t\t\t<div class=\"e-con-inner\">\n\t\t\t\t<div class=\"elementor-element elementor-element-8bd30b0 elementor-widget elementor-widget-heading\" data-id=\"8bd30b0\" data-element_type=\"widget\" data-e-type=\"widget\" data-widget_type=\"heading.default\">\n\t\t\t\t\t<h2 class=\"elementor-heading-title elementor-size-default\">Gelece\u011fin Ula\u015f\u0131m Teknolojilerini \u015eekillendiriyoruz!<\/h2>\t\t\t\t<\/div>\n\t\t<div class=\"elementor-element elementor-element-50f205a1 e-grid e-con-full e-con e-child\" data-id=\"50f205a1\" data-element_type=\"container\" data-e-type=\"container\">\n\t\t\t\t<div class=\"elementor-element elementor-element-4eeda99c elementor-position-inline-start elementor-mobile-position-inline-start e-transform elementor-view-default elementor-widget elementor-widget-icon-box\" data-id=\"4eeda99c\" data-element_type=\"widget\" data-e-type=\"widget\" data-settings=\"{&quot;_transform_translateY_effect_hover&quot;:{&quot;unit&quot;:&quot;px&quot;,&quot;size&quot;:-90,&quot;sizes&quot;:[]},&quot;_transform_translateY_effect_hover_tablet&quot;:{&quot;unit&quot;:&quot;px&quot;,&quot;size&quot;:0,&quot;sizes&quot;:[]},&quot;_transform_translateX_effect_hover&quot;:{&quot;unit&quot;:&quot;px&quot;,&quot;size&quot;:&quot;&quot;,&quot;sizes&quot;:[]},&quot;_transform_translateX_effect_hover_tablet&quot;:{&quot;unit&quot;:&quot;px&quot;,&quot;size&quot;:&quot;&quot;,&quot;sizes&quot;:[]},&quot;_transform_translateX_effect_hover_mobile&quot;:{&quot;unit&quot;:&quot;px&quot;,&quot;size&quot;:&quot;&quot;,&quot;sizes&quot;:[]},&quot;_transform_translateY_effect_hover_mobile&quot;:{&quot;unit&quot;:&quot;px&quot;,&quot;size&quot;:&quot;&quot;,&quot;sizes&quot;:[]}}\" data-widget_type=\"icon-box.default\">\n\t\t\t\t\t\t\t<div class=\"elementor-icon-box-wrapper\">\n\n\t\t\t\t\t\t<div class=\"elementor-icon-box-icon\">\n\t\t\t\t<span  class=\"elementor-icon\">\n\t\t\t\t<svg aria-hidden=\"true\" class=\"e-font-icon-svg e-fas-chevron-circle-right\" viewBox=\"0 0 512 512\" xmlns=\"http:\/\/www.w3.org\/2000\/svg\"><path d=\"M256 8c137 0 248 111 248 248S393 504 256 504 8 393 8 256 119 8 256 8zm113.9 231L234.4 103.5c-9.4-9.4-24.6-9.4-33.9 0l-17 17c-9.4 9.4-9.4 24.6 0 33.9L285.1 256 183.5 357.6c-9.4 9.4-9.4 24.6 0 33.9l17 17c9.4 9.4 24.6 9.4 33.9 0L369.9 273c9.4-9.4 9.4-24.6 0-34z\"><\/path><\/svg>\t\t\t\t<\/span>\n\t\t\t<\/div>\n\t\t\t\n\t\t\t\t\t\t<div class=\"elementor-icon-box-content\">\n\n\t\t\t\t\t\t\t\t\t<div class=\"elementor-icon-box-title\">\n\t\t\t\t\t\t<span  >\n\t\t\t\t\t\t\tVizyonumuz\t\t\t\t\t\t<\/span>\n\t\t\t\t\t<\/div>\n\t\t\t\t\n\t\t\t\t\t\t\t\t\t<p class=\"elementor-icon-box-description\">\n\t\t\t\t\t\tGelece\u011fin ak\u0131ll\u0131 \u015fehirleri i\u00e7in s\u00fcrd\u00fcr\u00fclebilir ve yenilik\u00e7i ula\u015f\u0131m teknolojileri geli\u015ftiren global bir marka olmak.\t\t\t\t\t<\/p>\n\t\t\t\t\n\t\t\t<\/div>\n\t\t\t\n\t\t<\/div>\n\t\t\t\t\t\t<\/div>\n\t\t\t\t<div class=\"elementor-element elementor-element-71c5d74e elementor-position-inline-start elementor-mobile-position-inline-start e-transform elementor-view-default elementor-widget elementor-widget-icon-box\" data-id=\"71c5d74e\" data-element_type=\"widget\" data-e-type=\"widget\" data-settings=\"{&quot;_transform_translateY_effect_hover&quot;:{&quot;unit&quot;:&quot;px&quot;,&quot;size&quot;:-90,&quot;sizes&quot;:[]},&quot;_transform_translateY_effect_hover_tablet&quot;:{&quot;unit&quot;:&quot;px&quot;,&quot;size&quot;:0,&quot;sizes&quot;:[]},&quot;_transform_translateX_effect_hover&quot;:{&quot;unit&quot;:&quot;px&quot;,&quot;size&quot;:&quot;&quot;,&quot;sizes&quot;:[]},&quot;_transform_translateX_effect_hover_tablet&quot;:{&quot;unit&quot;:&quot;px&quot;,&quot;size&quot;:&quot;&quot;,&quot;sizes&quot;:[]},&quot;_transform_translateX_effect_hover_mobile&quot;:{&quot;unit&quot;:&quot;px&quot;,&quot;size&quot;:&quot;&quot;,&quot;sizes&quot;:[]},&quot;_transform_translateY_effect_hover_mobile&quot;:{&quot;unit&quot;:&quot;px&quot;,&quot;size&quot;:&quot;&quot;,&quot;sizes&quot;:[]}}\" data-widget_type=\"icon-box.default\">\n\t\t\t\t\t\t\t<div class=\"elementor-icon-box-wrapper\">\n\n\t\t\t\t\t\t<div class=\"elementor-icon-box-icon\">\n\t\t\t\t<span  class=\"elementor-icon\">\n\t\t\t\t<svg aria-hidden=\"true\" class=\"e-font-icon-svg e-fas-chevron-circle-right\" viewBox=\"0 0 512 512\" xmlns=\"http:\/\/www.w3.org\/2000\/svg\"><path d=\"M256 8c137 0 248 111 248 248S393 504 256 504 8 393 8 256 119 8 256 8zm113.9 231L234.4 103.5c-9.4-9.4-24.6-9.4-33.9 0l-17 17c-9.4 9.4-9.4 24.6 0 33.9L285.1 256 183.5 357.6c-9.4 9.4-9.4 24.6 0 33.9l17 17c9.4 9.4 24.6 9.4 33.9 0L369.9 273c9.4-9.4 9.4-24.6 0-34z\"><\/path><\/svg>\t\t\t\t<\/span>\n\t\t\t<\/div>\n\t\t\t\n\t\t\t\t\t\t<div class=\"elementor-icon-box-content\">\n\n\t\t\t\t\t\t\t\t\t<div class=\"elementor-icon-box-title\">\n\t\t\t\t\t\t<span  >\n\t\t\t\t\t\t\tMisyonumuz\t\t\t\t\t\t<\/span>\n\t\t\t\t\t<\/div>\n\t\t\t\t\n\t\t\t\t\t\t\t\t\t<p class=\"elementor-icon-box-description\">\n\t\t\t\t\t\tY\u00fcksek kalite standartlar\u0131nda, g\u00fcvenli ve \u00e7evre dostu ula\u015f\u0131m sistemleri geli\u015ftirerek topluma ve \u015fehirlerin d\u00f6n\u00fc\u015f\u00fcm\u00fcne de\u011fer katmak.\t\t\t\t\t<\/p>\n\t\t\t\t\n\t\t\t<\/div>\n\t\t\t\n\t\t<\/div>\n\t\t\t\t\t\t<\/div>\n\t\t\t\t<div class=\"elementor-element elementor-element-32aa17fd elementor-position-inline-start elementor-mobile-position-inline-start e-transform elementor-view-default elementor-widget elementor-widget-icon-box\" data-id=\"32aa17fd\" data-element_type=\"widget\" data-e-type=\"widget\" data-settings=\"{&quot;_transform_translateY_effect_hover&quot;:{&quot;unit&quot;:&quot;px&quot;,&quot;size&quot;:-90,&quot;sizes&quot;:[]},&quot;_transform_translateY_effect_hover_tablet&quot;:{&quot;unit&quot;:&quot;px&quot;,&quot;size&quot;:0,&quot;sizes&quot;:[]},&quot;_transform_translateX_effect_hover&quot;:{&quot;unit&quot;:&quot;px&quot;,&quot;size&quot;:&quot;&quot;,&quot;sizes&quot;:[]},&quot;_transform_translateX_effect_hover_tablet&quot;:{&quot;unit&quot;:&quot;px&quot;,&quot;size&quot;:&quot;&quot;,&quot;sizes&quot;:[]},&quot;_transform_translateX_effect_hover_mobile&quot;:{&quot;unit&quot;:&quot;px&quot;,&quot;size&quot;:&quot;&quot;,&quot;sizes&quot;:[]},&quot;_transform_translateY_effect_hover_mobile&quot;:{&quot;unit&quot;:&quot;px&quot;,&quot;size&quot;:&quot;&quot;,&quot;sizes&quot;:[]}}\" data-widget_type=\"icon-box.default\">\n\t\t\t\t\t\t\t<div class=\"elementor-icon-box-wrapper\">\n\n\t\t\t\t\t\t<div class=\"elementor-icon-box-icon\">\n\t\t\t\t<span  class=\"elementor-icon\">\n\t\t\t\t<svg aria-hidden=\"true\" class=\"e-font-icon-svg e-fas-chevron-circle-right\" viewBox=\"0 0 512 512\" xmlns=\"http:\/\/www.w3.org\/2000\/svg\"><path d=\"M256 8c137 0 248 111 248 248S393 504 256 504 8 393 8 256 119 8 256 8zm113.9 231L234.4 103.5c-9.4-9.4-24.6-9.4-33.9 0l-17 17c-9.4 9.4-9.4 24.6 0 33.9L285.1 256 183.5 357.6c-9.4 9.4-9.4 24.6 0 33.9l17 17c9.4 9.4 24.6 9.4 33.9 0L369.9 273c9.4-9.4 9.4-24.6 0-34z\"><\/path><\/svg>\t\t\t\t<\/span>\n\t\t\t<\/div>\n\t\t\t\n\t\t\t\t\t\t<div class=\"elementor-icon-box-content\">\n\n\t\t\t\t\t\t\t\t\t<div class=\"elementor-icon-box-title\">\n\t\t\t\t\t\t<span  >\n\t\t\t\t\t\t\tDe\u011ferlerimiz\t\t\t\t\t\t<\/span>\n\t\t\t\t\t<\/div>\n\t\t\t\t\n\t\t\t\t\t\t\t\t\t<p class=\"elementor-icon-box-description\">\n\t\t\t\t\t\tG\u00fcvenilirlik, kalite, s\u00fcrd\u00fcr\u00fclebilirlik, inovasyon ve m\u00fc\u015fteri odakl\u0131l\u0131k ilkeleriyle hareket ederiz.\t\t\t\t\t<\/p>\n\t\t\t\t\n\t\t\t<\/div>\n\t\t\t\n\t\t<\/div>\n\t\t\t\t\t\t<\/div>\n\t\t\t\t<\/div>\n\t\t\t\t\t<\/div>\n\t\t\t\t<\/div>\n\t\t\t\t<\/div>\n\t\t","protected":false},"excerpt":{"rendered":"<p>CRRC-MNG Hakk\u0131nda CRRC-MNG Rayl\u0131 Sistem Ara\u00e7lar\u0131 San. ve Tic. Ltd. \u015eti., d\u00fcnyan\u0131n \u00f6nde gelen rayl\u0131 sistem ara\u00e7 \u00fcreticilerinden biri olan \u00c7in Halk Cumhuriyeti merkezli CRRC Zhuzhou Electric Locomotive Co. Ltd. ile T\u00fcrkiye\u2019deki MNG Holding b\u00fcnyesinde faaliyet g\u00f6steren MAPA \u0130n\u015faat ve Tic. A.\u015e. ortakl\u0131\u011f\u0131nda kurulmu\u015ftur. CRRC-MNG Rayl\u0131 Sistem Ara\u00e7lar\u0131 San. ve Tic. Ltd. \u015eti. \u00fcretim tesisi, [&hellip;]<\/p>\n","protected":false},"author":1,"featured_media":0,"parent":0,"menu_order":0,"comment_status":"closed","ping_status":"closed","template":"elementor_header_footer","meta":{"footnotes":""},"class_list":["post-385","page","type-page","status-publish","hentry"],"_links":{"self":[{"href":"https:\/\/crrc-mng.com.tr\/en\/wp-json\/wp\/v2\/pages\/385","targetHints":{"allow":["GET"]}}],"collection":[{"href":"https:\/\/crrc-mng.com.tr\/en\/wp-json\/wp\/v2\/pages"}],"about":[{"href":"https:\/\/crrc-mng.com.tr\/en\/wp-json\/wp\/v2\/types\/page"}],"author":[{"embeddable":true,"href":"https:\/\/crrc-mng.com.tr\/en\/wp-json\/wp\/v2\/users\/1"}],"replies":[{"embeddable":true,"href":"https:\/\/crrc-mng.com.tr\/en\/wp-json\/wp\/v2\/comments?post=385"}],"version-history":[{"count":11,"href":"https:\/\/crrc-mng.com.tr\/en\/wp-json\/wp\/v2\/pages\/385\/revisions"}],"predecessor-version":[{"id":743,"href":"https:\/\/crrc-mng.com.tr\/en\/wp-json\/wp\/v2\/pages\/385\/revisions\/743"}],"wp:attachment":[{"href":"https:\/\/crrc-mng.com.tr\/en\/wp-json\/wp\/v2\/media?parent=385"}],"curies":[{"name":"wp","href":"https:\/\/api.w.org\/{rel}","templated":true}]}}